{"id":1037,"date":"2024-04-25T09:08:24","date_gmt":"2024-04-25T09:08:24","guid":{"rendered":"https:\/\/gramentheme.com\/wp\/infotek\/?page_id=1037"},"modified":"2024-12-10T08:49:04","modified_gmt":"2024-12-10T08:49:04","slug":"about","status":"publish","type":"page","link":"https:\/\/informaticosantacoloma.com\/ca\/about\/","title":{"rendered":"Qui som"},"content":{"rendered":"<div data-elementor-type=\"wp-page\" data-elementor-id=\"1037\" class=\"elementor elementor-1037\">\n\t\t\t\t<div class=\"elementor-element elementor-element-d6d193b e-grid e-con-boxed e-con e-parent\" data-id=\"d6d193b\" data-element_type=\"container\" data-settings=\"{&quot;background_background&quot;:&quot;classic&quot;}\">\n\t\t\t\t\t<div class=\"e-con-inner\">\n\t\t\t\t<div class=\"elementor-element elementor-element-154ff13 elementor-widget elementor-widget-html\" data-id=\"154ff13\" data-element_type=\"widget\" data-widget_type=\"html.default\">\n\t\t\t\t<div class=\"elementor-widget-container\">\n\t\t\t<iframe src=\"https:\/\/www.google.com\/maps\/embed?pb=!4v1723793668937!6m8!1m7!1sCAoSLEFGMVFpcFAzWFhzaW4wNUY1YWxEbWJ3SEdmanNPMmxFY25uVENXVGVQN1h4!2m2!1d41.44691957768951!2d2.210644034508505!3f248.94886141489349!4f-14.181891470822222!5f0.7820865974627469\" width=\"600\" height=\"450\" style=\"border:0;\" allowfullscreen=\"\" loading=\"lazy\" referrerpolicy=\"no-referrer-when-downgrade\"><\/iframe>\t\t<\/div>\n\t\t\t\t<\/div>\n\t\t\t\t<div class=\"elementor-element elementor-element-05ff611 elementor-widget elementor-widget-infotek-about-content-widget\" data-id=\"05ff611\" data-element_type=\"widget\" data-widget_type=\"infotek-about-content-widget.default\">\n\t\t\t\t<div class=\"elementor-widget-container\">\n\t\t\t\r\n\r\n\t <script>\r\n jQuery(document).ready(function($) {\r\n\r\n\/\/ js code start\r\n\r\n\r\n\r\n\r\n\/\/ js code end \r\n\r\n  });\r\n<\/script>\r\n\t\r\n\t<div class=\"about-wrapper\">\r\n\t\t<div class=\"about-content\">\r\n\t\t\t<div class=\"section-title\">\r\n\t\t\t\t<span class=\"wow fadeInUp\">KEASHECHO KEASTOCAO\n<\/span>\r\n\t\t\t\t<h2 class=\"wow fadeInUp\" data-wow-delay=\".3s\">\r\n\t\t\t\t\tLa teva botiga de reparacions a <span>Santa Coloma<\/span>\n\t\t\t\t<\/h2>\r\n\t\t\t<\/div>\r\n\t\t\t<p class=\"mt-3 mt-md-0 wow fadeInUp\" data-wow-delay=\".5s\">\r\n\t\t\t\tEmpresa ubicada a Santa Coloma de Gramenet des del 2009 oberta al p\u00fablic i amb m\u00e9s de 25 anys d'experi\u00e8ncia al sector. La nostra filosofia \u00e9s la satisfacci\u00f3 del client, ajustant-nos sempre al preu m\u00e9s competitiu. qualitat.<br><br>\n\nA Keashecho Keastocao oferim tots els serveis de reparacions que un usuari pot necessitar avui dia, com \u00e9s la reparaci\u00f3 de pc, port\u00e0tils, m\u00f2bils incloent consoles d\u00faltima generaci\u00f3. \t\t\t<\/p>\r\n\t\t\t<div class=\"about-icon-items\">\r\n\t\t\t\t\t\r\n\t\t\t\t<div class=\"icon-items wow fadeInUp\" data-wow-delay=\".7s\">\r\n\t\t\t\t\t<div class=\"icon\">\r\n\t\t\t\t\t\t\t\t\t\t\t<img decoding=\"async\" src=\"https:\/\/informaticosantacoloma.com\/wp-content\/uploads\/2024\/04\/icon-3.svg\" alt=\"\">\r\n\t\t\t\t\t\t\t\t\t\t<\/div>\r\n\t\t\t\t\t<div class=\"content\">\r\n\t\t\t\t\t\t<h4><\/h4>\r\n\t\t\t\t\t\t<p>\r\n\t\t\t\t\t\t\t\t\t\t\t\t\t<\/p>\r\n\t\t\t\t\t<\/div>\r\n\t\t\t\t<\/div>\r\n\t\t\t\t\t\t\t<\/div>\r\n\t\t\t<div class=\"about-author\">\r\n\t\t\t\t<div class=\"about-button wow fadeInUp\" data-wow-delay=\".5s\">\r\n\t\t\t\t\t<a href=\"\" class=\"theme-btn\">\r\n\t\t\t\t\t\t\t\t\t\t\t\t<i class=\"fa-solid fa-arrow-right-long\"><\/i>\r\n\t\t\t\t\t<\/a>\r\n\t\t\t\t<\/div>\r\n\t\t\t\t<div class=\"author-image wow fadeInUp\" data-wow-delay=\".7s\">\r\n\t\t\t\t   \r\n\t\t\t\t\t<img decoding=\"async\" src=\"\" alt=\"\"\/>\r\n\t\t\t\t\t\t\t\t\t<div class=\"content\">\r\n\t\t\t\t\t\t<h6><\/h6>\r\n\t\t\t\t\t\t<p><\/p>\r\n\t\t\t\t\t<\/div>\r\n\t\t\t\t<\/div>\r\n\t\t\t<\/div>\r\n\t\t<\/div>\r\n\t<\/div>\r\n\t\r\n\t\r\n\r\n             \r\n\t\t\t\t<\/div>\n\t\t\t\t<\/div>\n\t\t\t\t\t<\/div>\n\t\t\t\t<\/div>\n\t\t<div class=\"elementor-element elementor-element-ca7c7c4 e-grid e-con-boxed e-con e-parent\" data-id=\"ca7c7c4\" data-element_type=\"container\" data-settings=\"{&quot;background_background&quot;:&quot;classic&quot;}\">\n\t\t\t\t\t<div class=\"e-con-inner\">\n\t\t\t\t<div class=\"elementor-element elementor-element-ca5ccbb elementor-widget elementor-widget-heading\" data-id=\"ca5ccbb\" data-element_type=\"widget\" data-widget_type=\"heading.default\">\n\t\t\t\t<div class=\"elementor-widget-container\">\n\t\t\t<style>\/*! elementor - v3.23.0 - 05-08-2024 *\/\n.elementor-heading-title{padding:0;margin:0;line-height:1}.elementor-widget-heading .elementor-heading-title[class*=elementor-size-]>a{color:inherit;font-size:inherit;line-height:inherit}.elementor-widget-heading .elementor-heading-title.elementor-size-small{font-size:15px}.elementor-widget-heading .elementor-heading-title.elementor-size-medium{font-size:19px}.elementor-widget-heading .elementor-heading-title.elementor-size-large{font-size:29px}.elementor-widget-heading .elementor-heading-title.elementor-size-xl{font-size:39px}.elementor-widget-heading .elementor-heading-title.elementor-size-xxl{font-size:59px}<\/style><h2 class=\"elementor-heading-title elementor-size-default\">M\u00e9s de 25 anys d'experi\u00e8ncia<\/h2>\t\t<\/div>\n\t\t\t\t<\/div>\n\t\t<div class=\"elementor-element elementor-element-945b2b0 e-grid e-con-full e-con e-child\" data-id=\"945b2b0\" data-element_type=\"container\">\n\t\t\t\t<div class=\"elementor-element elementor-element-d9495b0 elementor-widget elementor-widget-infotek-offer-icon-box-widget\" data-id=\"d9495b0\" data-element_type=\"widget\" data-widget_type=\"infotek-offer-icon-box-widget.default\">\n\t\t\t\t<div class=\"elementor-widget-container\">\n\t\t\t\r\n\r\n\t <script>\r\n jQuery(document).ready(function($) {\r\n\r\n\/\/ js code start\r\n\r\n\r\n\r\n\r\n\/\/ js code end \r\n\r\n  });\r\n<\/script>\r\n\r\n<div class=\"offer-items mt-0\">\r\n\t<div class=\"shape-top\">\r\n\t   \r\n\t\t<img decoding=\"async\" src=\"https:\/\/informaticosantacoloma.com\/wp-content\/uploads\/2024\/04\/offer-top.png\" alt=\"\"\/>\r\n\t\t<\/div>\r\n\t<div class=\"shape-bottom\">\r\n\t   \r\n\t\t<img decoding=\"async\" src=\"https:\/\/informaticosantacoloma.com\/wp-content\/uploads\/2024\/04\/offer-bottom.png\" alt=\"\"\/>\r\n\t\t<\/div>\r\n\t<div class=\"icon\">\r\n\t   \r\n\t\t<img decoding=\"async\" src=\"https:\/\/informaticosantacoloma.com\/wp-content\/uploads\/2024\/04\/offter-1.png\" alt=\"\"\/>\r\n\t\t<\/div>\r\n\t<div class=\"icon-2\">\r\n\t   \r\n\t\t<img decoding=\"async\" src=\"https:\/\/informaticosantacoloma.com\/wp-content\/uploads\/2024\/04\/offter-1-1.png\" alt=\"\"\/>\r\n\t\t<\/div>\r\n\t<div class=\"content\">\r\n\t\t<h5>Ordinadors<\/h5>\r\n\t<\/div>\r\n<\/div>\r\n\r\n             \r\n\t\t\t\t<\/div>\n\t\t\t\t<\/div>\n\t\t\t\t<div class=\"elementor-element elementor-element-3cfa16e elementor-widget elementor-widget-infotek-offer-icon-box-widget\" data-id=\"3cfa16e\" data-element_type=\"widget\" data-widget_type=\"infotek-offer-icon-box-widget.default\">\n\t\t\t\t<div class=\"elementor-widget-container\">\n\t\t\t\r\n\r\n\t <script>\r\n jQuery(document).ready(function($) {\r\n\r\n\/\/ js code start\r\n\r\n\r\n\r\n\r\n\/\/ js code end \r\n\r\n  });\r\n<\/script>\r\n\r\n<div class=\"offer-items mt-0\">\r\n\t<div class=\"shape-top\">\r\n\t   \r\n\t\t<img decoding=\"async\" src=\"https:\/\/informaticosantacoloma.com\/wp-content\/uploads\/2024\/04\/offer-top.png\" alt=\"\"\/>\r\n\t\t<\/div>\r\n\t<div class=\"shape-bottom\">\r\n\t   \r\n\t\t<img decoding=\"async\" src=\"https:\/\/informaticosantacoloma.com\/wp-content\/uploads\/2024\/04\/offer-bottom.png\" alt=\"\"\/>\r\n\t\t<\/div>\r\n\t<div class=\"icon\">\r\n\t   \r\n\t\t<img decoding=\"async\" src=\"https:\/\/informaticosantacoloma.com\/wp-content\/uploads\/2024\/04\/offter-2.png\" alt=\"\"\/>\r\n\t\t<\/div>\r\n\t<div class=\"icon-2\">\r\n\t   \r\n\t\t<img decoding=\"async\" src=\"https:\/\/informaticosantacoloma.com\/wp-content\/uploads\/2024\/04\/offter-2-1.png\" alt=\"\"\/>\r\n\t\t<\/div>\r\n\t<div class=\"content\">\r\n\t\t<h5>Android<\/h5>\r\n\t<\/div>\r\n<\/div>\r\n\r\n             \r\n\t\t\t\t<\/div>\n\t\t\t\t<\/div>\n\t\t\t\t<div class=\"elementor-element elementor-element-0ea867d elementor-widget elementor-widget-infotek-offer-icon-box-widget\" data-id=\"0ea867d\" data-element_type=\"widget\" data-widget_type=\"infotek-offer-icon-box-widget.default\">\n\t\t\t\t<div class=\"elementor-widget-container\">\n\t\t\t\r\n\r\n\t <script>\r\n jQuery(document).ready(function($) {\r\n\r\n\/\/ js code start\r\n\r\n\r\n\r\n\r\n\/\/ js code end \r\n\r\n  });\r\n<\/script>\r\n\r\n<div class=\"offer-items mt-0\">\r\n\t<div class=\"shape-top\">\r\n\t   \r\n\t\t<img decoding=\"async\" src=\"https:\/\/informaticosantacoloma.com\/wp-content\/uploads\/2024\/04\/offer-top.png\" alt=\"\"\/>\r\n\t\t<\/div>\r\n\t<div class=\"shape-bottom\">\r\n\t   \r\n\t\t<img decoding=\"async\" src=\"https:\/\/informaticosantacoloma.com\/wp-content\/uploads\/2024\/04\/offer-bottom.png\" alt=\"\"\/>\r\n\t\t<\/div>\r\n\t<div class=\"icon\">\r\n\t   \r\n\t\t<img decoding=\"async\" src=\"https:\/\/informaticosantacoloma.com\/wp-content\/uploads\/2024\/04\/offter-3.png\" alt=\"\"\/>\r\n\t\t<\/div>\r\n\t<div class=\"icon-2\">\r\n\t   \r\n\t\t<img decoding=\"async\" src=\"https:\/\/informaticosantacoloma.com\/wp-content\/uploads\/2024\/04\/offter-3-1.png\" alt=\"\"\/>\r\n\t\t<\/div>\r\n\t<div class=\"content\">\r\n\t\t<h5>IOS<\/h5>\r\n\t<\/div>\r\n<\/div>\r\n\r\n             \r\n\t\t\t\t<\/div>\n\t\t\t\t<\/div>\n\t\t\t\t<div class=\"elementor-element elementor-element-3f4e578 elementor-widget elementor-widget-infotek-offer-icon-box-widget\" data-id=\"3f4e578\" data-element_type=\"widget\" data-widget_type=\"infotek-offer-icon-box-widget.default\">\n\t\t\t\t<div class=\"elementor-widget-container\">\n\t\t\t\r\n\r\n\t <script>\r\n jQuery(document).ready(function($) {\r\n\r\n\/\/ js code start\r\n\r\n\r\n\r\n\r\n\/\/ js code end \r\n\r\n  });\r\n<\/script>\r\n\r\n<div class=\"offer-items mt-0\">\r\n\t<div class=\"shape-top\">\r\n\t   \r\n\t\t<img decoding=\"async\" src=\"https:\/\/informaticosantacoloma.com\/wp-content\/uploads\/2024\/04\/offer-top.png\" alt=\"\"\/>\r\n\t\t<\/div>\r\n\t<div class=\"shape-bottom\">\r\n\t   \r\n\t\t<img decoding=\"async\" src=\"https:\/\/informaticosantacoloma.com\/wp-content\/uploads\/2024\/04\/offer-bottom.png\" alt=\"\"\/>\r\n\t\t<\/div>\r\n\t<div class=\"icon\">\r\n\t   \r\n\t\t<img decoding=\"async\" src=\"https:\/\/informaticosantacoloma.com\/wp-content\/uploads\/2024\/04\/offter-5.png\" alt=\"\"\/>\r\n\t\t<\/div>\r\n\t<div class=\"icon-2\">\r\n\t   \r\n\t\t<img decoding=\"async\" src=\"https:\/\/informaticosantacoloma.com\/wp-content\/uploads\/2024\/04\/offter-5-1.png\" alt=\"\"\/>\r\n\t\t<\/div>\r\n\t<div class=\"content\">\r\n\t\t<h5>Consoles<\/h5>\r\n\t<\/div>\r\n<\/div>\r\n\r\n             \r\n\t\t\t\t<\/div>\n\t\t\t\t<\/div>\n\t\t\t\t<div class=\"elementor-element elementor-element-3e14cbe elementor-widget elementor-widget-infotek-offer-icon-box-widget\" data-id=\"3e14cbe\" data-element_type=\"widget\" data-widget_type=\"infotek-offer-icon-box-widget.default\">\n\t\t\t\t<div class=\"elementor-widget-container\">\n\t\t\t\r\n\r\n\t <script>\r\n jQuery(document).ready(function($) {\r\n\r\n\/\/ js code start\r\n\r\n\r\n\r\n\r\n\/\/ js code end \r\n\r\n  });\r\n<\/script>\r\n\r\n<div class=\"offer-items mt-0\">\r\n\t<div class=\"shape-top\">\r\n\t   \r\n\t\t<img decoding=\"async\" src=\"https:\/\/informaticosantacoloma.com\/wp-content\/uploads\/2024\/04\/offer-top.png\" alt=\"\"\/>\r\n\t\t<\/div>\r\n\t<div class=\"shape-bottom\">\r\n\t   \r\n\t\t<img decoding=\"async\" src=\"https:\/\/informaticosantacoloma.com\/wp-content\/uploads\/2024\/04\/offer-bottom.png\" alt=\"\"\/>\r\n\t\t<\/div>\r\n\t<div class=\"icon\">\r\n\t   \r\n\t\t<img decoding=\"async\" src=\"https:\/\/informaticosantacoloma.com\/wp-content\/uploads\/2024\/04\/offter-6.png\" alt=\"\"\/>\r\n\t\t<\/div>\r\n\t<div class=\"icon-2\">\r\n\t   \r\n\t\t<img decoding=\"async\" src=\"https:\/\/informaticosantacoloma.com\/wp-content\/uploads\/2024\/04\/offter-6-1.png\" alt=\"\"\/>\r\n\t\t<\/div>\r\n\t<div class=\"content\">\r\n\t\t<h5>GPS<\/h5>\r\n\t<\/div>\r\n<\/div>\r\n\r\n             \r\n\t\t\t\t<\/div>\n\t\t\t\t<\/div>\n\t\t\t\t<\/div>\n\t\t\t\t\t<\/div>\n\t\t\t\t<\/div>\n\t\t\t\t<\/div>","protected":false},"excerpt":{"rendered":"<p>KEASHECHO KEASTOCAO Tu tienda de reparaciones en Santa Coloma Empresa ubicada en Santa Coloma de Gramenet desde el 2009 abierta al p\u00fablico y con m\u00e1s de 25 a\u00f1os de experiencia en el sector. Nuestra filosof\u00eda es la satisfacci\u00f3n del cliente, ajust\u00e1ndonos siempre al precio m\u00e1s competitivo. Por este motivo podemos decir que ofrecemos un servicio<\/p>","protected":false},"author":1,"featured_media":0,"parent":0,"menu_order":0,"comment_status":"closed","ping_status":"closed","template":"elementor_header_footer","meta":{"footnotes":""},"class_list":["post-1037","page","type-page","status-publish","hentry"],"yoast_head":"<!-- This site is optimized with the Yoast SEO plugin v26.0 - https:\/\/yoast.com\/wordpress\/plugins\/seo\/ -->\n<title>Qui\u00e9nes somos - Inform\u00e1tico Santa Coloma | Keashechokeastocao<\/title>\n<meta name=\"robots\" content=\"index, follow, max-snippet:-1, max-image-preview:large, max-video-preview:-1\" \/>\n<link rel=\"canonical\" href=\"https:\/\/informaticosantacoloma.com\/ca\/about\/\" \/>\n<meta property=\"og:locale\" content=\"ca_ES\" \/>\n<meta property=\"og:type\" content=\"article\" \/>\n<meta property=\"og:title\" content=\"Qui\u00e9nes somos - Inform\u00e1tico Santa Coloma | Keashechokeastocao\" \/>\n<meta property=\"og:description\" content=\"KEASHECHO KEASTOCAO Tu tienda de reparaciones en Santa Coloma Empresa ubicada en Santa Coloma de Gramenet desde el 2009 abierta al p\u00fablico y con m\u00e1s de 25 a\u00f1os de experiencia en el sector. Nuestra filosof\u00eda es la satisfacci\u00f3n del cliente, ajust\u00e1ndonos siempre al precio m\u00e1s competitivo. Por este motivo podemos decir que ofrecemos un servicio\" \/>\n<meta property=\"og:url\" content=\"https:\/\/informaticosantacoloma.com\/ca\/about\/\" \/>\n<meta property=\"og:site_name\" content=\"Inform\u00e1tico Santa Coloma | Keashechokeastocao\" \/>\n<meta property=\"article:publisher\" content=\"https:\/\/www.facebook.com\/keashecho\" \/>\n<meta property=\"article:modified_time\" content=\"2024-12-10T08:49:04+00:00\" \/>\n<meta property=\"og:image\" content=\"https:\/\/informaticosantacoloma.com\/wp-content\/uploads\/2024\/04\/icon-3.svg\" \/>\n<meta name=\"twitter:card\" content=\"summary_large_image\" \/>\n<meta name=\"twitter:label1\" content=\"Temps estimat de lectura\" \/>\n\t<meta name=\"twitter:data1\" content=\"1 minut\" \/>\n<script type=\"application\/ld+json\" class=\"yoast-schema-graph\">{\"@context\":\"https:\/\/schema.org\",\"@graph\":[{\"@type\":\"WebPage\",\"@id\":\"https:\/\/informaticosantacoloma.com\/about\/\",\"url\":\"https:\/\/informaticosantacoloma.com\/about\/\",\"name\":\"Qui\u00e9nes somos - Inform\u00e1tico Santa Coloma | Keashechokeastocao\",\"isPartOf\":{\"@id\":\"https:\/\/informaticosantacoloma.com\/#website\"},\"primaryImageOfPage\":{\"@id\":\"https:\/\/informaticosantacoloma.com\/about\/#primaryimage\"},\"image\":{\"@id\":\"https:\/\/informaticosantacoloma.com\/about\/#primaryimage\"},\"thumbnailUrl\":\"https:\/\/informaticosantacoloma.com\/wp-content\/uploads\/2024\/04\/icon-3.svg\",\"datePublished\":\"2024-04-25T09:08:24+00:00\",\"dateModified\":\"2024-12-10T08:49:04+00:00\",\"breadcrumb\":{\"@id\":\"https:\/\/informaticosantacoloma.com\/about\/#breadcrumb\"},\"inLanguage\":\"ca\",\"potentialAction\":[{\"@type\":\"ReadAction\",\"target\":[\"https:\/\/informaticosantacoloma.com\/about\/\"]}]},{\"@type\":\"ImageObject\",\"inLanguage\":\"ca\",\"@id\":\"https:\/\/informaticosantacoloma.com\/about\/#primaryimage\",\"url\":\"https:\/\/informaticosantacoloma.com\/wp-content\/uploads\/2024\/04\/icon-3.svg\",\"contentUrl\":\"https:\/\/informaticosantacoloma.com\/wp-content\/uploads\/2024\/04\/icon-3.svg\"},{\"@type\":\"BreadcrumbList\",\"@id\":\"https:\/\/informaticosantacoloma.com\/about\/#breadcrumb\",\"itemListElement\":[{\"@type\":\"ListItem\",\"position\":1,\"name\":\"Portada\",\"item\":\"https:\/\/informaticosantacoloma.com\/\"},{\"@type\":\"ListItem\",\"position\":2,\"name\":\"Qui\u00e9nes somos\"}]},{\"@type\":\"WebSite\",\"@id\":\"https:\/\/informaticosantacoloma.com\/#website\",\"url\":\"https:\/\/informaticosantacoloma.com\/\",\"name\":\"Inform\u00e1tico Santa Coloma | Keashechokeastocao\",\"description\":\"Tienda de reparaciones Santa Coloma | Inform\u00e1tico Santa Coloma | Reparaciones ordenadores Santa Coloma\",\"publisher\":{\"@id\":\"https:\/\/informaticosantacoloma.com\/#organization\"},\"potentialAction\":[{\"@type\":\"SearchAction\",\"target\":{\"@type\":\"EntryPoint\",\"urlTemplate\":\"https:\/\/informaticosantacoloma.com\/?s={search_term_string}\"},\"query-input\":{\"@type\":\"PropertyValueSpecification\",\"valueRequired\":true,\"valueName\":\"search_term_string\"}}],\"inLanguage\":\"ca\"},{\"@type\":\"Organization\",\"@id\":\"https:\/\/informaticosantacoloma.com\/#organization\",\"name\":\"Inform\u00e1tico Santa Coloma | Keashechokeastocao\",\"url\":\"https:\/\/informaticosantacoloma.com\/\",\"logo\":{\"@type\":\"ImageObject\",\"inLanguage\":\"ca\",\"@id\":\"https:\/\/informaticosantacoloma.com\/#\/schema\/logo\/image\/\",\"url\":\"https:\/\/informaticosantacoloma.com\/wp-content\/uploads\/2024\/08\/logocorrecto-copia.png\",\"contentUrl\":\"https:\/\/informaticosantacoloma.com\/wp-content\/uploads\/2024\/08\/logocorrecto-copia.png\",\"width\":250,\"height\":92,\"caption\":\"Inform\u00e1tico Santa Coloma | Keashechokeastocao\"},\"image\":{\"@id\":\"https:\/\/informaticosantacoloma.com\/#\/schema\/logo\/image\/\"},\"sameAs\":[\"https:\/\/www.facebook.com\/keashecho\"]}]}<\/script>\n<!-- \/ Yoast SEO plugin. -->","yoast_head_json":{"title":"Qui\u00e9nes somos - Inform\u00e1tico Santa Coloma | Keashechokeastocao","robots":{"index":"index","follow":"follow","max-snippet":"max-snippet:-1","max-image-preview":"max-image-preview:large","max-video-preview":"max-video-preview:-1"},"canonical":"https:\/\/informaticosantacoloma.com\/ca\/about\/","og_locale":"ca_ES","og_type":"article","og_title":"Qui\u00e9nes somos - Inform\u00e1tico Santa Coloma | Keashechokeastocao","og_description":"KEASHECHO KEASTOCAO Tu tienda de reparaciones en Santa Coloma Empresa ubicada en Santa Coloma de Gramenet desde el 2009 abierta al p\u00fablico y con m\u00e1s de 25 a\u00f1os de experiencia en el sector. Nuestra filosof\u00eda es la satisfacci\u00f3n del cliente, ajust\u00e1ndonos siempre al precio m\u00e1s competitivo. Por este motivo podemos decir que ofrecemos un servicio","og_url":"https:\/\/informaticosantacoloma.com\/ca\/about\/","og_site_name":"Inform\u00e1tico Santa Coloma | Keashechokeastocao","article_publisher":"https:\/\/www.facebook.com\/keashecho","article_modified_time":"2024-12-10T08:49:04+00:00","og_image":[{"url":"https:\/\/informaticosantacoloma.com\/wp-content\/uploads\/2024\/04\/icon-3.svg","type":"","width":"","height":""}],"twitter_card":"summary_large_image","twitter_misc":{"Temps estimat de lectura":"1 minut"},"schema":{"@context":"https:\/\/schema.org","@graph":[{"@type":"WebPage","@id":"https:\/\/informaticosantacoloma.com\/about\/","url":"https:\/\/informaticosantacoloma.com\/about\/","name":"Qui\u00e9nes somos - Inform\u00e1tico Santa Coloma | Keashechokeastocao","isPartOf":{"@id":"https:\/\/informaticosantacoloma.com\/#website"},"primaryImageOfPage":{"@id":"https:\/\/informaticosantacoloma.com\/about\/#primaryimage"},"image":{"@id":"https:\/\/informaticosantacoloma.com\/about\/#primaryimage"},"thumbnailUrl":"https:\/\/informaticosantacoloma.com\/wp-content\/uploads\/2024\/04\/icon-3.svg","datePublished":"2024-04-25T09:08:24+00:00","dateModified":"2024-12-10T08:49:04+00:00","breadcrumb":{"@id":"https:\/\/informaticosantacoloma.com\/about\/#breadcrumb"},"inLanguage":"ca","potentialAction":[{"@type":"ReadAction","target":["https:\/\/informaticosantacoloma.com\/about\/"]}]},{"@type":"ImageObject","inLanguage":"ca","@id":"https:\/\/informaticosantacoloma.com\/about\/#primaryimage","url":"https:\/\/informaticosantacoloma.com\/wp-content\/uploads\/2024\/04\/icon-3.svg","contentUrl":"https:\/\/informaticosantacoloma.com\/wp-content\/uploads\/2024\/04\/icon-3.svg"},{"@type":"BreadcrumbList","@id":"https:\/\/informaticosantacoloma.com\/about\/#breadcrumb","itemListElement":[{"@type":"ListItem","position":1,"name":"Portada","item":"https:\/\/informaticosantacoloma.com\/"},{"@type":"ListItem","position":2,"name":"Qui\u00e9nes somos"}]},{"@type":"WebSite","@id":"https:\/\/informaticosantacoloma.com\/#website","url":"https:\/\/informaticosantacoloma.com\/","name":"Inform\u00e1tico Santa Coloma | Keashechokeastocao","description":"Tienda de reparaciones Santa Coloma | Inform\u00e1tico Santa Coloma | Reparaciones ordenadores Santa Coloma","publisher":{"@id":"https:\/\/informaticosantacoloma.com\/#organization"},"potentialAction":[{"@type":"SearchAction","target":{"@type":"EntryPoint","urlTemplate":"https:\/\/informaticosantacoloma.com\/?s={search_term_string}"},"query-input":{"@type":"PropertyValueSpecification","valueRequired":true,"valueName":"search_term_string"}}],"inLanguage":"ca"},{"@type":"Organization","@id":"https:\/\/informaticosantacoloma.com\/#organization","name":"Inform\u00e1tico Santa Coloma | Keashechokeastocao","url":"https:\/\/informaticosantacoloma.com\/","logo":{"@type":"ImageObject","inLanguage":"ca","@id":"https:\/\/informaticosantacoloma.com\/#\/schema\/logo\/image\/","url":"https:\/\/informaticosantacoloma.com\/wp-content\/uploads\/2024\/08\/logocorrecto-copia.png","contentUrl":"https:\/\/informaticosantacoloma.com\/wp-content\/uploads\/2024\/08\/logocorrecto-copia.png","width":250,"height":92,"caption":"Inform\u00e1tico Santa Coloma | Keashechokeastocao"},"image":{"@id":"https:\/\/informaticosantacoloma.com\/#\/schema\/logo\/image\/"},"sameAs":["https:\/\/www.facebook.com\/keashecho"]}]}},"_links":{"self":[{"href":"https:\/\/informaticosantacoloma.com\/ca\/wp-json\/wp\/v2\/pages\/1037","targetHints":{"allow":["GET"]}}],"collection":[{"href":"https:\/\/informaticosantacoloma.com\/ca\/wp-json\/wp\/v2\/pages"}],"about":[{"href":"https:\/\/informaticosantacoloma.com\/ca\/wp-json\/wp\/v2\/types\/page"}],"author":[{"embeddable":true,"href":"https:\/\/informaticosantacoloma.com\/ca\/wp-json\/wp\/v2\/users\/1"}],"replies":[{"embeddable":true,"href":"https:\/\/informaticosantacoloma.com\/ca\/wp-json\/wp\/v2\/comments?post=1037"}],"version-history":[{"count":14,"href":"https:\/\/informaticosantacoloma.com\/ca\/wp-json\/wp\/v2\/pages\/1037\/revisions"}],"predecessor-version":[{"id":2517,"href":"https:\/\/informaticosantacoloma.com\/ca\/wp-json\/wp\/v2\/pages\/1037\/revisions\/2517"}],"wp:attachment":[{"href":"https:\/\/informaticosantacoloma.com\/ca\/wp-json\/wp\/v2\/media?parent=1037"}],"curies":[{"name":"wp","href":"https:\/\/api.w.org\/{rel}","templated":true}]}}