{"id":1351,"date":"2024-04-27T02:30:11","date_gmt":"2024-04-27T02:30:11","guid":{"rendered":"https:\/\/gramentheme.com\/wp\/infotek\/?page_id=1351"},"modified":"2024-12-10T12:41:10","modified_gmt":"2024-12-10T12:41:10","slug":"servicios","status":"publish","type":"page","link":"https:\/\/informaticosantacoloma.com\/ca\/servicios\/","title":{"rendered":"Serveis"},"content":{"rendered":"<div data-elementor-type=\"wp-page\" data-elementor-id=\"1351\" class=\"elementor elementor-1351\">\n\t\t\t\t<div class=\"elementor-element elementor-element-3203aa5 e-con-full e-flex e-con e-parent\" data-id=\"3203aa5\" data-element_type=\"container\" data-settings=\"{&quot;background_background&quot;:&quot;classic&quot;}\">\n\t\t<div class=\"elementor-element elementor-element-a4c5e23 e-con-full e-flex e-con e-child\" data-id=\"a4c5e23\" data-element_type=\"container\" data-settings=\"{&quot;background_background&quot;:&quot;classic&quot;}\">\n\t\t<div class=\"elementor-element elementor-element-cf21d95 e-flex e-con-boxed e-con e-child\" data-id=\"cf21d95\" data-element_type=\"container\">\n\t\t\t\t\t<div class=\"e-con-inner\">\n\t\t\t\t<div class=\"elementor-element elementor-element-055816d elementor-widget elementor-widget-heading\" data-id=\"055816d\" data-element_type=\"widget\" data-widget_type=\"heading.default\">\n\t\t\t\t<div class=\"elementor-widget-container\">\n\t\t\t<style>\/*! elementor - v3.23.0 - 05-08-2024 *\/\n.elementor-heading-title{padding:0;margin:0;line-height:1}.elementor-widget-heading .elementor-heading-title[class*=elementor-size-]>a{color:inherit;font-size:inherit;line-height:inherit}.elementor-widget-heading .elementor-heading-title.elementor-size-small{font-size:15px}.elementor-widget-heading .elementor-heading-title.elementor-size-medium{font-size:19px}.elementor-widget-heading .elementor-heading-title.elementor-size-large{font-size:29px}.elementor-widget-heading .elementor-heading-title.elementor-size-xl{font-size:39px}.elementor-widget-heading .elementor-heading-title.elementor-size-xxl{font-size:59px}<\/style><h2 class=\"elementor-heading-title elementor-size-default\">Serveis de reparacions<\/h2>\t\t<\/div>\n\t\t\t\t<\/div>\n\t\t<div class=\"elementor-element elementor-element-2d354fc e-con-full e-flex e-con e-child\" data-id=\"2d354fc\" data-element_type=\"container\" data-settings=\"{&quot;background_background&quot;:&quot;classic&quot;}\">\n\t\t<div class=\"elementor-element elementor-element-019b925 e-con-full e-flex e-con e-child\" data-id=\"019b925\" data-element_type=\"container\">\n\t\t\t\t<div class=\"elementor-element elementor-element-a794b11 elementor-invisible elementor-widget elementor-widget-image\" data-id=\"a794b11\" data-element_type=\"widget\" data-settings=\"{&quot;_animation&quot;:&quot;fadeIn&quot;}\" data-widget_type=\"image.default\">\n\t\t\t\t<div class=\"elementor-widget-container\">\n\t\t\t<style>\/*! elementor - v3.23.0 - 05-08-2024 *\/\n.elementor-widget-image{text-align:center}.elementor-widget-image a{display:inline-block}.elementor-widget-image a img[src$=\".svg\"]{width:48px}.elementor-widget-image img{vertical-align:middle;display:inline-block}<\/style>\t\t\t\t\t\t\t\t\t\t\t<a href=\"\/ca\/reparacion-consola\/\">\n\t\t\t\t\t\t\t<img fetchpriority=\"high\" decoding=\"async\" width=\"500\" height=\"500\" src=\"https:\/\/informaticosantacoloma.com\/wp-content\/uploads\/2024\/10\/1.png\" class=\"attachment-large size-large wp-image-160\" alt=\"\" srcset=\"https:\/\/informaticosantacoloma.com\/wp-content\/uploads\/2024\/10\/1.png 500w, https:\/\/informaticosantacoloma.com\/wp-content\/uploads\/2024\/10\/1-300x300.png 300w, https:\/\/informaticosantacoloma.com\/wp-content\/uploads\/2024\/10\/1-150x150.png 150w\" sizes=\"(max-width: 500px) 100vw, 500px\" \/>\t\t\t\t\t\t\t\t<\/a>\n\t\t\t\t\t\t\t\t\t\t\t\t\t<\/div>\n\t\t\t\t<\/div>\n\t\t\t\t<div class=\"elementor-element elementor-element-2af2591 elementor-widget elementor-widget-heading\" data-id=\"2af2591\" data-element_type=\"widget\" data-widget_type=\"heading.default\">\n\t\t\t\t<div class=\"elementor-widget-container\">\n\t\t\t<h2 class=\"elementor-heading-title elementor-size-default\"><a href=\"\/ca\/reparacion-consolas\/\">Consoles<\/a><\/h2>\t\t<\/div>\n\t\t\t\t<\/div>\n\t\t\t\t<div class=\"elementor-element elementor-element-5c781ba elementor-widget elementor-widget-text-editor\" data-id=\"5c781ba\" data-element_type=\"widget\" data-widget_type=\"text-editor.default\">\n\t\t\t\t<div class=\"elementor-widget-container\">\n\t\t\t<style>\/*! elementor - v3.23.0 - 05-08-2024 *\/\n.elementor-widget-text-editor.elementor-drop-cap-view-stacked .elementor-drop-cap{background-color:#69727d;color:#fff}.elementor-widget-text-editor.elementor-drop-cap-view-framed .elementor-drop-cap{color:#69727d;border:3px solid;background-color:transparent}.elementor-widget-text-editor:not(.elementor-drop-cap-view-default) .elementor-drop-cap{margin-top:8px}.elementor-widget-text-editor:not(.elementor-drop-cap-view-default) .elementor-drop-cap-letter{width:1em;height:1em}.elementor-widget-text-editor .elementor-drop-cap{float:left;text-align:center;line-height:1;font-size:50px}.elementor-widget-text-editor .elementor-drop-cap-letter{display:inline-block}<\/style>\t\t\t\t<p>Reparacions Play Station, ps4 y ps5, reparacions xbox 360 y xbox one, Wii y Wii U, Psp &amp; Ps vita, \u2026<\/p>\t\t\t\t\t\t<\/div>\n\t\t\t\t<\/div>\n\t\t\t\t<\/div>\n\t\t<div class=\"elementor-element elementor-element-37d11c8 e-con-full e-flex e-con e-child\" data-id=\"37d11c8\" data-element_type=\"container\">\n\t\t\t\t<div class=\"elementor-element elementor-element-dc27ff6 elementor-invisible elementor-widget elementor-widget-image\" data-id=\"dc27ff6\" data-element_type=\"widget\" data-settings=\"{&quot;_animation&quot;:&quot;fadeIn&quot;}\" data-widget_type=\"image.default\">\n\t\t\t\t<div class=\"elementor-widget-container\">\n\t\t\t\t\t\t\t\t\t\t\t\t\t\t<a href=\"\/ca\/reparacion-ordenador\/\">\n\t\t\t\t\t\t\t<img decoding=\"async\" width=\"500\" height=\"500\" src=\"https:\/\/informaticosantacoloma.com\/wp-content\/uploads\/2024\/10\/2.png\" class=\"attachment-large size-large wp-image-161\" alt=\"\" srcset=\"https:\/\/informaticosantacoloma.com\/wp-content\/uploads\/2024\/10\/2.png 500w, https:\/\/informaticosantacoloma.com\/wp-content\/uploads\/2024\/10\/2-300x300.png 300w, https:\/\/informaticosantacoloma.com\/wp-content\/uploads\/2024\/10\/2-150x150.png 150w\" sizes=\"(max-width: 500px) 100vw, 500px\" \/>\t\t\t\t\t\t\t\t<\/a>\n\t\t\t\t\t\t\t\t\t\t\t\t\t<\/div>\n\t\t\t\t<\/div>\n\t\t\t\t<div class=\"elementor-element elementor-element-4e10494 elementor-widget elementor-widget-heading\" data-id=\"4e10494\" data-element_type=\"widget\" data-widget_type=\"heading.default\">\n\t\t\t\t<div class=\"elementor-widget-container\">\n\t\t\t<h2 class=\"elementor-heading-title elementor-size-default\"><a href=\"\/ca\/reparacion-consolas\/\">Ordinadors<\/a><\/h2>\t\t<\/div>\n\t\t\t\t<\/div>\n\t\t\t\t<div class=\"elementor-element elementor-element-7bc56fd elementor-widget elementor-widget-text-editor\" data-id=\"7bc56fd\" data-element_type=\"widget\" data-widget_type=\"text-editor.default\">\n\t\t\t\t<div class=\"elementor-widget-container\">\n\t\t\t\t\t\t\t<p>Reparaci\u00f3 d'ordeninadors, neteja de virus, formateig, ampliacions, optimitzaci\u00f3 pc, \u2026<\/p>\t\t\t\t\t\t<\/div>\n\t\t\t\t<\/div>\n\t\t\t\t<\/div>\n\t\t<div class=\"elementor-element elementor-element-bc83851 e-con-full e-flex e-con e-child\" data-id=\"bc83851\" data-element_type=\"container\">\n\t\t\t\t<div class=\"elementor-element elementor-element-55aac32 elementor-invisible elementor-widget elementor-widget-image\" data-id=\"55aac32\" data-element_type=\"widget\" data-settings=\"{&quot;_animation&quot;:&quot;fadeIn&quot;}\" data-widget_type=\"image.default\">\n\t\t\t\t<div class=\"elementor-widget-container\">\n\t\t\t\t\t\t\t\t\t\t\t\t\t\t<a href=\"\/ca\/reparacion-movil\/\">\n\t\t\t\t\t\t\t<img decoding=\"async\" width=\"500\" height=\"500\" src=\"https:\/\/informaticosantacoloma.com\/wp-content\/uploads\/2024\/10\/3.png\" class=\"attachment-large size-large wp-image-162\" alt=\"\" srcset=\"https:\/\/informaticosantacoloma.com\/wp-content\/uploads\/2024\/10\/3.png 500w, https:\/\/informaticosantacoloma.com\/wp-content\/uploads\/2024\/10\/3-300x300.png 300w, https:\/\/informaticosantacoloma.com\/wp-content\/uploads\/2024\/10\/3-150x150.png 150w\" sizes=\"(max-width: 500px) 100vw, 500px\" \/>\t\t\t\t\t\t\t\t<\/a>\n\t\t\t\t\t\t\t\t\t\t\t\t\t<\/div>\n\t\t\t\t<\/div>\n\t\t\t\t<div class=\"elementor-element elementor-element-7371062 elementor-widget elementor-widget-heading\" data-id=\"7371062\" data-element_type=\"widget\" data-widget_type=\"heading.default\">\n\t\t\t\t<div class=\"elementor-widget-container\">\n\t\t\t<h2 class=\"elementor-heading-title elementor-size-default\"><a href=\"\/ca\/reparacion-consolas\/\">Smartphones<\/a><\/h2>\t\t<\/div>\n\t\t\t\t<\/div>\n\t\t\t\t<div class=\"elementor-element elementor-element-c1c6960 elementor-widget elementor-widget-text-editor\" data-id=\"c1c6960\" data-element_type=\"widget\" data-widget_type=\"text-editor.default\">\n\t\t\t\t<div class=\"elementor-widget-container\">\n\t\t\t\t\t\t\t<p>Reparaci\u00f3 de smartphones, canvi t\u00e0ctil, canvi de pantalla, connector, reparaci\u00f3 iphone, \u2026<\/p>\t\t\t\t\t\t<\/div>\n\t\t\t\t<\/div>\n\t\t\t\t<\/div>\n\t\t<div class=\"elementor-element elementor-element-444347e e-con-full e-flex e-con e-child\" data-id=\"444347e\" data-element_type=\"container\">\n\t\t\t\t<div class=\"elementor-element elementor-element-de4736b elementor-invisible elementor-widget elementor-widget-image\" data-id=\"de4736b\" data-element_type=\"widget\" data-settings=\"{&quot;_animation&quot;:&quot;fadeIn&quot;}\" data-widget_type=\"image.default\">\n\t\t\t\t<div class=\"elementor-widget-container\">\n\t\t\t\t\t\t\t\t\t\t\t\t\t\t<a href=\"\/ca\/reparacion-tablet\/\">\n\t\t\t\t\t\t\t<img loading=\"lazy\" decoding=\"async\" width=\"500\" height=\"500\" src=\"https:\/\/informaticosantacoloma.com\/wp-content\/uploads\/2024\/10\/4.png\" class=\"attachment-large size-large wp-image-163\" alt=\"\" srcset=\"https:\/\/informaticosantacoloma.com\/wp-content\/uploads\/2024\/10\/4.png 500w, https:\/\/informaticosantacoloma.com\/wp-content\/uploads\/2024\/10\/4-300x300.png 300w, https:\/\/informaticosantacoloma.com\/wp-content\/uploads\/2024\/10\/4-150x150.png 150w\" sizes=\"(max-width: 500px) 100vw, 500px\" \/>\t\t\t\t\t\t\t\t<\/a>\n\t\t\t\t\t\t\t\t\t\t\t\t\t<\/div>\n\t\t\t\t<\/div>\n\t\t\t\t<div class=\"elementor-element elementor-element-a996ea6 elementor-widget elementor-widget-heading\" data-id=\"a996ea6\" data-element_type=\"widget\" data-widget_type=\"heading.default\">\n\t\t\t\t<div class=\"elementor-widget-container\">\n\t\t\t<h2 class=\"elementor-heading-title elementor-size-default\"><a href=\"\/ca\/reparacion-consolas\/\">Tablets<\/a><\/h2>\t\t<\/div>\n\t\t\t\t<\/div>\n\t\t\t\t<div class=\"elementor-element elementor-element-dfe78d5 elementor-widget elementor-widget-text-editor\" data-id=\"dfe78d5\" data-element_type=\"widget\" data-widget_type=\"text-editor.default\">\n\t\t\t\t<div class=\"elementor-widget-container\">\n\t\t\t\t\t\t\t<p>Reparaci\u00f3 de tablets i ipads, t\u00e0ctil, canvi de pantalla, connector de c\u00e0rrega, botonera, Bluetooth, \u2026<\/p>\t\t\t\t\t\t<\/div>\n\t\t\t\t<\/div>\n\t\t\t\t<\/div>\n\t\t\t\t<\/div>\n\t\t\t\t\t<\/div>\n\t\t\t\t<\/div>\n\t\t\t\t<\/div>\n\t\t\t\t<\/div>\n\t\t\t\t<\/div>","protected":false},"excerpt":{"rendered":"<p>Servicios de reparaciones Consolas Reparaciones Play Station, ps4 y ps5, reparaciones xbox 360 y xbox one, Wii y Wii U, Psp &amp; Ps vita, &#8230; Ordenadores Reparaci\u00f3n de ordenadores, limpieza de virus, formateo, ampliaciones, optimizaci\u00f3n pc, &#8230; Smartphones Reparaci\u00f3n de smartphones, cambio t\u00e1ctil, cambio de pantalla, conector, reparaci\u00f3n iphone, &#8230; Tablets Reparaci\u00f3n de tablets y<\/p>","protected":false},"author":1,"featured_media":0,"parent":0,"menu_order":0,"comment_status":"closed","ping_status":"closed","template":"elementor_header_footer","meta":{"footnotes":""},"class_list":["post-1351","page","type-page","status-publish","hentry"],"yoast_head":"<!-- This site is optimized with the Yoast SEO plugin v26.0 - https:\/\/yoast.com\/wordpress\/plugins\/seo\/ -->\n<title>Servicios - Inform\u00e1tico Santa Coloma | Keashechokeastocao<\/title>\n<meta name=\"robots\" content=\"index, follow, max-snippet:-1, max-image-preview:large, max-video-preview:-1\" \/>\n<link rel=\"canonical\" href=\"https:\/\/informaticosantacoloma.com\/ca\/servicios\/\" \/>\n<meta property=\"og:locale\" content=\"ca_ES\" \/>\n<meta property=\"og:type\" content=\"article\" \/>\n<meta property=\"og:title\" content=\"Servicios - Inform\u00e1tico Santa Coloma | Keashechokeastocao\" \/>\n<meta property=\"og:description\" content=\"Servicios de reparaciones Consolas Reparaciones Play Station, ps4 y ps5, reparaciones xbox 360 y xbox one, Wii y Wii U, Psp &amp; Ps vita, &#8230; Ordenadores Reparaci\u00f3n de ordenadores, limpieza de virus, formateo, ampliaciones, optimizaci\u00f3n pc, &#8230; Smartphones Reparaci\u00f3n de smartphones, cambio t\u00e1ctil, cambio de pantalla, conector, reparaci\u00f3n iphone, &#8230; Tablets Reparaci\u00f3n de tablets y\" \/>\n<meta property=\"og:url\" content=\"https:\/\/informaticosantacoloma.com\/ca\/servicios\/\" \/>\n<meta property=\"og:site_name\" content=\"Inform\u00e1tico Santa Coloma | Keashechokeastocao\" \/>\n<meta property=\"article:publisher\" content=\"https:\/\/www.facebook.com\/keashecho\" \/>\n<meta property=\"article:modified_time\" content=\"2024-12-10T12:41:10+00:00\" \/>\n<meta property=\"og:image\" content=\"https:\/\/informaticosantacoloma.com\/wp-content\/uploads\/2024\/10\/1.png\" \/>\n\t<meta property=\"og:image:width\" content=\"500\" \/>\n\t<meta property=\"og:image:height\" content=\"500\" \/>\n\t<meta property=\"og:image:type\" content=\"image\/png\" \/>\n<meta name=\"twitter:card\" content=\"summary_large_image\" \/>\n<script type=\"application\/ld+json\" class=\"yoast-schema-graph\">{\"@context\":\"https:\/\/schema.org\",\"@graph\":[{\"@type\":\"WebPage\",\"@id\":\"https:\/\/informaticosantacoloma.com\/servicios\/\",\"url\":\"https:\/\/informaticosantacoloma.com\/servicios\/\",\"name\":\"Servicios - Inform\u00e1tico Santa Coloma | Keashechokeastocao\",\"isPartOf\":{\"@id\":\"https:\/\/informaticosantacoloma.com\/#website\"},\"primaryImageOfPage\":{\"@id\":\"https:\/\/informaticosantacoloma.com\/servicios\/#primaryimage\"},\"image\":{\"@id\":\"https:\/\/informaticosantacoloma.com\/servicios\/#primaryimage\"},\"thumbnailUrl\":\"https:\/\/informaticosantacoloma.com\/wp-content\/uploads\/2024\/10\/1.png\",\"datePublished\":\"2024-04-27T02:30:11+00:00\",\"dateModified\":\"2024-12-10T12:41:10+00:00\",\"breadcrumb\":{\"@id\":\"https:\/\/informaticosantacoloma.com\/servicios\/#breadcrumb\"},\"inLanguage\":\"ca\",\"potentialAction\":[{\"@type\":\"ReadAction\",\"target\":[\"https:\/\/informaticosantacoloma.com\/servicios\/\"]}]},{\"@type\":\"ImageObject\",\"inLanguage\":\"ca\",\"@id\":\"https:\/\/informaticosantacoloma.com\/servicios\/#primaryimage\",\"url\":\"https:\/\/informaticosantacoloma.com\/wp-content\/uploads\/2024\/10\/1.png\",\"contentUrl\":\"https:\/\/informaticosantacoloma.com\/wp-content\/uploads\/2024\/10\/1.png\"},{\"@type\":\"BreadcrumbList\",\"@id\":\"https:\/\/informaticosantacoloma.com\/servicios\/#breadcrumb\",\"itemListElement\":[{\"@type\":\"ListItem\",\"position\":1,\"name\":\"Portada\",\"item\":\"https:\/\/informaticosantacoloma.com\/\"},{\"@type\":\"ListItem\",\"position\":2,\"name\":\"Servicios\"}]},{\"@type\":\"WebSite\",\"@id\":\"https:\/\/informaticosantacoloma.com\/#website\",\"url\":\"https:\/\/informaticosantacoloma.com\/\",\"name\":\"Inform\u00e1tico Santa Coloma | Keashechokeastocao\",\"description\":\"Tienda de reparaciones Santa Coloma | Inform\u00e1tico Santa Coloma | Reparaciones ordenadores Santa Coloma\",\"publisher\":{\"@id\":\"https:\/\/informaticosantacoloma.com\/#organization\"},\"potentialAction\":[{\"@type\":\"SearchAction\",\"target\":{\"@type\":\"EntryPoint\",\"urlTemplate\":\"https:\/\/informaticosantacoloma.com\/?s={search_term_string}\"},\"query-input\":{\"@type\":\"PropertyValueSpecification\",\"valueRequired\":true,\"valueName\":\"search_term_string\"}}],\"inLanguage\":\"ca\"},{\"@type\":\"Organization\",\"@id\":\"https:\/\/informaticosantacoloma.com\/#organization\",\"name\":\"Inform\u00e1tico Santa Coloma | Keashechokeastocao\",\"url\":\"https:\/\/informaticosantacoloma.com\/\",\"logo\":{\"@type\":\"ImageObject\",\"inLanguage\":\"ca\",\"@id\":\"https:\/\/informaticosantacoloma.com\/#\/schema\/logo\/image\/\",\"url\":\"https:\/\/informaticosantacoloma.com\/wp-content\/uploads\/2024\/08\/logocorrecto-copia.png\",\"contentUrl\":\"https:\/\/informaticosantacoloma.com\/wp-content\/uploads\/2024\/08\/logocorrecto-copia.png\",\"width\":250,\"height\":92,\"caption\":\"Inform\u00e1tico Santa Coloma | Keashechokeastocao\"},\"image\":{\"@id\":\"https:\/\/informaticosantacoloma.com\/#\/schema\/logo\/image\/\"},\"sameAs\":[\"https:\/\/www.facebook.com\/keashecho\"]}]}<\/script>\n<!-- \/ Yoast SEO plugin. -->","yoast_head_json":{"title":"Servicios - Inform\u00e1tico Santa Coloma | Keashechokeastocao","robots":{"index":"index","follow":"follow","max-snippet":"max-snippet:-1","max-image-preview":"max-image-preview:large","max-video-preview":"max-video-preview:-1"},"canonical":"https:\/\/informaticosantacoloma.com\/ca\/servicios\/","og_locale":"ca_ES","og_type":"article","og_title":"Servicios - Inform\u00e1tico Santa Coloma | Keashechokeastocao","og_description":"Servicios de reparaciones Consolas Reparaciones Play Station, ps4 y ps5, reparaciones xbox 360 y xbox one, Wii y Wii U, Psp &amp; Ps vita, &#8230; Ordenadores Reparaci\u00f3n de ordenadores, limpieza de virus, formateo, ampliaciones, optimizaci\u00f3n pc, &#8230; Smartphones Reparaci\u00f3n de smartphones, cambio t\u00e1ctil, cambio de pantalla, conector, reparaci\u00f3n iphone, &#8230; Tablets Reparaci\u00f3n de tablets y","og_url":"https:\/\/informaticosantacoloma.com\/ca\/servicios\/","og_site_name":"Inform\u00e1tico Santa Coloma | Keashechokeastocao","article_publisher":"https:\/\/www.facebook.com\/keashecho","article_modified_time":"2024-12-10T12:41:10+00:00","og_image":[{"width":500,"height":500,"url":"https:\/\/informaticosantacoloma.com\/wp-content\/uploads\/2024\/10\/1.png","type":"image\/png"}],"twitter_card":"summary_large_image","schema":{"@context":"https:\/\/schema.org","@graph":[{"@type":"WebPage","@id":"https:\/\/informaticosantacoloma.com\/servicios\/","url":"https:\/\/informaticosantacoloma.com\/servicios\/","name":"Servicios - Inform\u00e1tico Santa Coloma | Keashechokeastocao","isPartOf":{"@id":"https:\/\/informaticosantacoloma.com\/#website"},"primaryImageOfPage":{"@id":"https:\/\/informaticosantacoloma.com\/servicios\/#primaryimage"},"image":{"@id":"https:\/\/informaticosantacoloma.com\/servicios\/#primaryimage"},"thumbnailUrl":"https:\/\/informaticosantacoloma.com\/wp-content\/uploads\/2024\/10\/1.png","datePublished":"2024-04-27T02:30:11+00:00","dateModified":"2024-12-10T12:41:10+00:00","breadcrumb":{"@id":"https:\/\/informaticosantacoloma.com\/servicios\/#breadcrumb"},"inLanguage":"ca","potentialAction":[{"@type":"ReadAction","target":["https:\/\/informaticosantacoloma.com\/servicios\/"]}]},{"@type":"ImageObject","inLanguage":"ca","@id":"https:\/\/informaticosantacoloma.com\/servicios\/#primaryimage","url":"https:\/\/informaticosantacoloma.com\/wp-content\/uploads\/2024\/10\/1.png","contentUrl":"https:\/\/informaticosantacoloma.com\/wp-content\/uploads\/2024\/10\/1.png"},{"@type":"BreadcrumbList","@id":"https:\/\/informaticosantacoloma.com\/servicios\/#breadcrumb","itemListElement":[{"@type":"ListItem","position":1,"name":"Portada","item":"https:\/\/informaticosantacoloma.com\/"},{"@type":"ListItem","position":2,"name":"Servicios"}]},{"@type":"WebSite","@id":"https:\/\/informaticosantacoloma.com\/#website","url":"https:\/\/informaticosantacoloma.com\/","name":"Inform\u00e1tico Santa Coloma | Keashechokeastocao","description":"Tienda de reparaciones Santa Coloma | Inform\u00e1tico Santa Coloma | Reparaciones ordenadores Santa Coloma","publisher":{"@id":"https:\/\/informaticosantacoloma.com\/#organization"},"potentialAction":[{"@type":"SearchAction","target":{"@type":"EntryPoint","urlTemplate":"https:\/\/informaticosantacoloma.com\/?s={search_term_string}"},"query-input":{"@type":"PropertyValueSpecification","valueRequired":true,"valueName":"search_term_string"}}],"inLanguage":"ca"},{"@type":"Organization","@id":"https:\/\/informaticosantacoloma.com\/#organization","name":"Inform\u00e1tico Santa Coloma | Keashechokeastocao","url":"https:\/\/informaticosantacoloma.com\/","logo":{"@type":"ImageObject","inLanguage":"ca","@id":"https:\/\/informaticosantacoloma.com\/#\/schema\/logo\/image\/","url":"https:\/\/informaticosantacoloma.com\/wp-content\/uploads\/2024\/08\/logocorrecto-copia.png","contentUrl":"https:\/\/informaticosantacoloma.com\/wp-content\/uploads\/2024\/08\/logocorrecto-copia.png","width":250,"height":92,"caption":"Inform\u00e1tico Santa Coloma | Keashechokeastocao"},"image":{"@id":"https:\/\/informaticosantacoloma.com\/#\/schema\/logo\/image\/"},"sameAs":["https:\/\/www.facebook.com\/keashecho"]}]}},"_links":{"self":[{"href":"https:\/\/informaticosantacoloma.com\/ca\/wp-json\/wp\/v2\/pages\/1351","targetHints":{"allow":["GET"]}}],"collection":[{"href":"https:\/\/informaticosantacoloma.com\/ca\/wp-json\/wp\/v2\/pages"}],"about":[{"href":"https:\/\/informaticosantacoloma.com\/ca\/wp-json\/wp\/v2\/types\/page"}],"author":[{"embeddable":true,"href":"https:\/\/informaticosantacoloma.com\/ca\/wp-json\/wp\/v2\/users\/1"}],"replies":[{"embeddable":true,"href":"https:\/\/informaticosantacoloma.com\/ca\/wp-json\/wp\/v2\/comments?post=1351"}],"version-history":[{"count":12,"href":"https:\/\/informaticosantacoloma.com\/ca\/wp-json\/wp\/v2\/pages\/1351\/revisions"}],"predecessor-version":[{"id":2600,"href":"https:\/\/informaticosantacoloma.com\/ca\/wp-json\/wp\/v2\/pages\/1351\/revisions\/2600"}],"wp:attachment":[{"href":"https:\/\/informaticosantacoloma.com\/ca\/wp-json\/wp\/v2\/media?parent=1351"}],"curies":[{"name":"wp","href":"https:\/\/api.w.org\/{rel}","templated":true}]}}