{"id":2563,"date":"2024-12-10T09:46:44","date_gmt":"2024-12-10T09:46:44","guid":{"rendered":"https:\/\/informaticosantacoloma.com\/?page_id=2563"},"modified":"2024-12-10T12:57:04","modified_gmt":"2024-12-10T12:57:04","slug":"reparacion-movil","status":"publish","type":"page","link":"https:\/\/informaticosantacoloma.com\/ca\/servicios\/reparacion-movil\/","title":{"rendered":"Reparacions Smartphones"},"content":{"rendered":"<div data-elementor-type=\"wp-page\" data-elementor-id=\"2563\" class=\"elementor elementor-2563\">\n\t\t\t\t<div class=\"elementor-element elementor-element-a959bd1 e-flex e-con-boxed e-con e-parent\" data-id=\"a959bd1\" data-element_type=\"container\">\n\t\t\t\t\t<div class=\"e-con-inner\">\n\t\t\t\t<div class=\"elementor-element elementor-element-8036e1d elementor-widget elementor-widget-heading\" data-id=\"8036e1d\" data-element_type=\"widget\" data-widget_type=\"heading.default\">\n\t\t\t\t<div class=\"elementor-widget-container\">\n\t\t\t<style>\/*! elementor - v3.23.0 - 05-08-2024 *\/\n.elementor-heading-title{padding:0;margin:0;line-height:1}.elementor-widget-heading .elementor-heading-title[class*=elementor-size-]>a{color:inherit;font-size:inherit;line-height:inherit}.elementor-widget-heading .elementor-heading-title.elementor-size-small{font-size:15px}.elementor-widget-heading .elementor-heading-title.elementor-size-medium{font-size:19px}.elementor-widget-heading .elementor-heading-title.elementor-size-large{font-size:29px}.elementor-widget-heading .elementor-heading-title.elementor-size-xl{font-size:39px}.elementor-widget-heading .elementor-heading-title.elementor-size-xxl{font-size:59px}<\/style><h3 class=\"elementor-heading-title elementor-size-default\">Reparacions Smartphones<\/h3>\t\t<\/div>\n\t\t\t\t<\/div>\n\t\t\t\t<div class=\"elementor-element elementor-element-453fc4e elementor-widget elementor-widget-text-editor\" data-id=\"453fc4e\" data-element_type=\"widget\" data-widget_type=\"text-editor.default\">\n\t\t\t\t<div class=\"elementor-widget-container\">\n\t\t\t<style>\/*! elementor - v3.23.0 - 05-08-2024 *\/\n.elementor-widget-text-editor.elementor-drop-cap-view-stacked .elementor-drop-cap{background-color:#69727d;color:#fff}.elementor-widget-text-editor.elementor-drop-cap-view-framed .elementor-drop-cap{color:#69727d;border:3px solid;background-color:transparent}.elementor-widget-text-editor:not(.elementor-drop-cap-view-default) .elementor-drop-cap{margin-top:8px}.elementor-widget-text-editor:not(.elementor-drop-cap-view-default) .elementor-drop-cap-letter{width:1em;height:1em}.elementor-widget-text-editor .elementor-drop-cap{float:left;text-align:center;line-height:1;font-size:50px}.elementor-widget-text-editor .elementor-drop-cap-letter{display:inline-block}<\/style>\t\t\t\t<div class=\"flex-shrink-0 flex flex-col relative items-end\"><div><div class=\"pt-0\"><div class=\"gizmo-bot-avatar flex h-8 w-8 items-center justify-center overflow-hidden rounded-full\"><div class=\"relative p-1 rounded-sm flex items-center justify-center bg-token-main-surface-primary text-token-text-primary h-8 w-8\">Arreglamos <strong>todo tipo de m\u00f3viles<\/strong> con eficiencia y confianza. Si tu dispositivo no carga, la pantalla est\u00e1 da\u00f1ada o tiene problemas de software o sufri\u00f3 un golpe, estamos aqu\u00ed para ayudarte.<\/div><\/div><\/div><\/div><\/div>\t\t\t\t\t\t<\/div>\n\t\t\t\t<\/div>\n\t\t<div class=\"elementor-element elementor-element-83981b3 e-grid e-con-full e-con e-child\" data-id=\"83981b3\" data-element_type=\"container\">\n\t\t\t\t<div class=\"elementor-element elementor-element-6d2b215 elementor-view-default elementor-position-top elementor-mobile-position-top elementor-widget elementor-widget-icon-box\" data-id=\"6d2b215\" data-element_type=\"widget\" data-widget_type=\"icon-box.default\">\n\t\t\t\t<div class=\"elementor-widget-container\">\n\t\t\t<link rel=\"stylesheet\" href=\"https:\/\/informaticosantacoloma.com\/wp-content\/plugins\/elementor\/assets\/css\/widget-icon-box.min.css\">\t\t<div class=\"elementor-icon-box-wrapper\">\n\n\t\t\t\t\t\t<div class=\"elementor-icon-box-icon\">\n\t\t\t\t<span  class=\"elementor-icon elementor-animation-\">\n\t\t\t\t<svg aria-hidden=\"true\" class=\"e-font-icon-svg e-fas-mobile-alt\" viewbox=\"0 0 320 512\" xmlns=\"http:\/\/www.w3.org\/2000\/svg\"><path d=\"M272 0H48C21.5 0 0 21.5 0 48v416c0 26.5 21.5 48 48 48h224c26.5 0 48-21.5 48-48V48c0-26.5-21.5-48-48-48zM160 480c-17.7 0-32-14.3-32-32s14.3-32 32-32 32 14.3 32 32-14.3 32-32 32zm112-108c0 6.6-5.4 12-12 12H60c-6.6 0-12-5.4-12-12V60c0-6.6 5.4-12 12-12h200c6.6 0 12 5.4 12 12v312z\"><\/path><\/svg>\t\t\t\t<\/span>\n\t\t\t<\/div>\n\t\t\t\n\t\t\t\t\t\t<div class=\"elementor-icon-box-content\">\n\n\t\t\t\t\t\t\t\t\t<h3 class=\"elementor-icon-box-title\">\n\t\t\t\t\t\t<span  >\n\t\t\t\t\t\t\tCambio de pantalla\t\t\t\t\t\t<\/span>\n\t\t\t\t\t<\/h3>\n\t\t\t\t\n\t\t\t\t\t\t\t\t\t<p class=\"elementor-icon-box-description\">\n\t\t\t\t\t\tCambio de pantalla. Cambio t\u00e1ctil.\t\t\t\t\t<\/p>\n\t\t\t\t\n\t\t\t<\/div>\n\t\t\t\n\t\t<\/div>\n\t\t\t\t<\/div>\n\t\t\t\t<\/div>\n\t\t\t\t<div class=\"elementor-element elementor-element-ce1d8ec elementor-view-default elementor-position-top elementor-mobile-position-top elementor-widget elementor-widget-icon-box\" data-id=\"ce1d8ec\" data-element_type=\"widget\" data-widget_type=\"icon-box.default\">\n\t\t\t\t<div class=\"elementor-widget-container\">\n\t\t\t\t\t<div class=\"elementor-icon-box-wrapper\">\n\n\t\t\t\t\t\t<div class=\"elementor-icon-box-icon\">\n\t\t\t\t<span  class=\"elementor-icon elementor-animation-\">\n\t\t\t\t<svg aria-hidden=\"true\" class=\"e-font-icon-svg e-far-keyboard\" viewbox=\"0 0 576 512\" xmlns=\"http:\/\/www.w3.org\/2000\/svg\"><path d=\"M528 64H48C21.49 64 0 85.49 0 112v288c0 26.51 21.49 48 48 48h480c26.51 0 48-21.49 48-48V112c0-26.51-21.49-48-48-48zm8 336c0 4.411-3.589 8-8 8H48c-4.411 0-8-3.589-8-8V112c0-4.411 3.589-8 8-8h480c4.411 0 8 3.589 8 8v288zM170 270v-28c0-6.627-5.373-12-12-12h-28c-6.627 0-12 5.373-12 12v28c0 6.627 5.373 12 12 12h28c6.627 0 12-5.373 12-12zm96 0v-28c0-6.627-5.373-12-12-12h-28c-6.627 0-12 5.373-12 12v28c0 6.627 5.373 12 12 12h28c6.627 0 12-5.373 12-12zm96 0v-28c0-6.627-5.373-12-12-12h-28c-6.627 0-12 5.373-12 12v28c0 6.627 5.373 12 12 12h28c6.627 0 12-5.373 12-12zm96 0v-28c0-6.627-5.373-12-12-12h-28c-6.627 0-12 5.373-12 12v28c0 6.627 5.373 12 12 12h28c6.627 0 12-5.373 12-12zm-336 82v-28c0-6.627-5.373-12-12-12H82c-6.627 0-12 5.373-12 12v28c0 6.627 5.373 12 12 12h28c6.627 0 12-5.373 12-12zm384 0v-28c0-6.627-5.373-12-12-12h-28c-6.627 0-12 5.373-12 12v28c0 6.627 5.373 12 12 12h28c6.627 0 12-5.373 12-12zM122 188v-28c0-6.627-5.373-12-12-12H82c-6.627 0-12 5.373-12 12v28c0 6.627 5.373 12 12 12h28c6.627 0 12-5.373 12-12zm96 0v-28c0-6.627-5.373-12-12-12h-28c-6.627 0-12 5.373-12 12v28c0 6.627 5.373 12 12 12h28c6.627 0 12-5.373 12-12zm96 0v-28c0-6.627-5.373-12-12-12h-28c-6.627 0-12 5.373-12 12v28c0 6.627 5.373 12 12 12h28c6.627 0 12-5.373 12-12zm96 0v-28c0-6.627-5.373-12-12-12h-28c-6.627 0-12 5.373-12 12v28c0 6.627 5.373 12 12 12h28c6.627 0 12-5.373 12-12zm96 0v-28c0-6.627-5.373-12-12-12h-28c-6.627 0-12 5.373-12 12v28c0 6.627 5.373 12 12 12h28c6.627 0 12-5.373 12-12zm-98 158v-16c0-6.627-5.373-12-12-12H180c-6.627 0-12 5.373-12 12v16c0 6.627 5.373 12 12 12h216c6.627 0 12-5.373 12-12z\"><\/path><\/svg>\t\t\t\t<\/span>\n\t\t\t<\/div>\n\t\t\t\n\t\t\t\t\t\t<div class=\"elementor-icon-box-content\">\n\n\t\t\t\t\t\t\t\t\t<h3 class=\"elementor-icon-box-title\">\n\t\t\t\t\t\t<span  >\n\t\t\t\t\t\t\tCambio botonera\t\t\t\t\t\t<\/span>\n\t\t\t\t\t<\/h3>\n\t\t\t\t\n\t\t\t\t\t\t\t\t\t<p class=\"elementor-icon-box-description\">\n\t\t\t\t\t\tCambio botonera o conector de carga\t\t\t\t\t<\/p>\n\t\t\t\t\n\t\t\t<\/div>\n\t\t\t\n\t\t<\/div>\n\t\t\t\t<\/div>\n\t\t\t\t<\/div>\n\t\t\t\t<div class=\"elementor-element elementor-element-84456d5 elementor-view-default elementor-position-top elementor-mobile-position-top elementor-widget elementor-widget-icon-box\" data-id=\"84456d5\" data-element_type=\"widget\" data-widget_type=\"icon-box.default\">\n\t\t\t\t<div class=\"elementor-widget-container\">\n\t\t\t\t\t<div class=\"elementor-icon-box-wrapper\">\n\n\t\t\t\t\t\t<div class=\"elementor-icon-box-icon\">\n\t\t\t\t<span  class=\"elementor-icon elementor-animation-\">\n\t\t\t\t<svg aria-hidden=\"true\" class=\"e-font-icon-svg e-fas-wifi\" viewbox=\"0 0 640 512\" xmlns=\"http:\/\/www.w3.org\/2000\/svg\"><path d=\"M634.91 154.88C457.74-8.99 182.19-8.93 5.09 154.88c-6.66 6.16-6.79 16.59-.35 22.98l34.24 33.97c6.14 6.1 16.02 6.23 22.4.38 145.92-133.68 371.3-133.71 517.25 0 6.38 5.85 16.26 5.71 22.4-.38l34.24-33.97c6.43-6.39 6.3-16.82-.36-22.98zM320 352c-35.35 0-64 28.65-64 64s28.65 64 64 64 64-28.65 64-64-28.65-64-64-64zm202.67-83.59c-115.26-101.93-290.21-101.82-405.34 0-6.9 6.1-7.12 16.69-.57 23.15l34.44 33.99c6 5.92 15.66 6.32 22.05.8 83.95-72.57 209.74-72.41 293.49 0 6.39 5.52 16.05 5.13 22.05-.8l34.44-33.99c6.56-6.46 6.33-17.06-.56-23.15z\"><\/path><\/svg>\t\t\t\t<\/span>\n\t\t\t<\/div>\n\t\t\t\n\t\t\t\t\t\t<div class=\"elementor-icon-box-content\">\n\n\t\t\t\t\t\t\t\t\t<h3 class=\"elementor-icon-box-title\">\n\t\t\t\t\t\t<span  >\n\t\t\t\t\t\t\tCambio Wifi\t\t\t\t\t\t<\/span>\n\t\t\t\t\t<\/h3>\n\t\t\t\t\n\t\t\t\t\t\t\t\t\t<p class=\"elementor-icon-box-description\">\n\t\t\t\t\t\tCambio Wifi o bluetooth\t\t\t\t\t<\/p>\n\t\t\t\t\n\t\t\t<\/div>\n\t\t\t\n\t\t<\/div>\n\t\t\t\t<\/div>\n\t\t\t\t<\/div>\n\t\t\t\t<\/div>\n\t\t\t\t\t<\/div>\n\t\t\t\t<\/div>\n\t\t<div class=\"elementor-element elementor-element-abf4797 e-flex e-con-boxed e-con e-parent\" data-id=\"abf4797\" data-element_type=\"container\">\n\t\t\t\t\t<div class=\"e-con-inner\">\n\t\t\t\t<div class=\"elementor-element elementor-element-c031017 elementor-widget elementor-widget-infotek-brands-widget\" data-id=\"c031017\" data-element_type=\"widget\" data-widget_type=\"infotek-brands-widget.default\">\n\t\t\t\t<div class=\"elementor-widget-container\">\n\t\t\t\r\n\r\n\t <script>\r\n jQuery(document).ready(function($) {\r\n\r\n\/\/ js code start\r\n\r\nconst brandSlider = new Swiper(\".brand-slider\", {\r\n\tspaceBetween: 30,\r\n\tspeed: 1300,\r\n\tloop: true,\r\n\tcenteredSlides: true,\r\n\tautoplay: {\r\n\t\tdelay: 2000,\r\n\t\tdisableOnInteraction: false,\r\n\t},\r\n\r\n\tbreakpoints: {\r\n\t\t1199: {\r\n\t\t\tslidesPerView: 5,\r\n\t\t},\r\n\t\t991: {\r\n\t\t\tslidesPerView: 4,\r\n\t\t},\r\n\t\t767: {\r\n\t\t\tslidesPerView: 3,\r\n\t\t},\r\n\t\t575: {\r\n\t\t\tslidesPerView: 2,\r\n\t\t},\r\n\t\t0: {\r\n\t\t\tslidesPerView: 1,\r\n\t\t},\r\n\t},\r\n});\r\n\r\n\/\/ js code end \r\n\r\n  });\r\n<\/script>\r\n\t\r\n\r\n     <!-- Brand Section Start -->\r\n\t <div class=\"brand-section fix\">\r\n\t\t<div class=\"container\">\r\n\t\t\t<div class=\"brand-wrapper\">\r\n\t\t\t\t<h6 class=\"text-center wow fadeInUp\" data-wow-delay=\".3s\">Marcas con las que trabajamos<\/h6>\r\n\t\t\t\t<div class=\"swiper brand-slider\">\r\n\t\t\t\t\t<div class=\"swiper-wrapper\">\r\n\t\t\t\t\t\t\t\r\n\t\t\t\t\t\t<div class=\"swiper-slide\">\r\n\t\t\t\t\t\t\t<div class=\"brand-image\">\r\n\t\t\t\t\t\t\t\t<img decoding=\"async\" src=\"https:\/\/informaticosantacoloma.com\/wp-content\/uploads\/2024\/12\/Apple_logo_black.png\" alt=\"\">\r\n\t\t\t\t\t\t\t<\/div>\r\n\t\t\t\t\t\t<\/div>\r\n\t\t\t\t\t\t\t\r\n\t\t\t\t\t\t<div class=\"swiper-slide\">\r\n\t\t\t\t\t\t\t<div class=\"brand-image\">\r\n\t\t\t\t\t\t\t\t<img decoding=\"async\" src=\"https:\/\/informaticosantacoloma.com\/wp-content\/uploads\/2024\/12\/xiaomi.png\" alt=\"\">\r\n\t\t\t\t\t\t\t<\/div>\r\n\t\t\t\t\t\t<\/div>\r\n\t\t\t\t\t\t\t\r\n\t\t\t\t\t\t<div class=\"swiper-slide\">\r\n\t\t\t\t\t\t\t<div class=\"brand-image\">\r\n\t\t\t\t\t\t\t\t<img decoding=\"async\" src=\"https:\/\/informaticosantacoloma.com\/wp-content\/uploads\/2024\/12\/ico_huawei.png\" alt=\"\">\r\n\t\t\t\t\t\t\t<\/div>\r\n\t\t\t\t\t\t<\/div>\r\n\t\t\t\t\t\t\t\r\n\t\t\t\t\t\t<div class=\"swiper-slide\">\r\n\t\t\t\t\t\t\t<div class=\"brand-image\">\r\n\t\t\t\t\t\t\t\t<img decoding=\"async\" src=\"https:\/\/informaticosantacoloma.com\/wp-content\/uploads\/2024\/12\/Oppo-logo.png\" alt=\"\">\r\n\t\t\t\t\t\t\t<\/div>\r\n\t\t\t\t\t\t<\/div>\r\n\t\t\t\t\t\t\t\r\n\t\t\t\t\t\t<div class=\"swiper-slide\">\r\n\t\t\t\t\t\t\t<div class=\"brand-image\">\r\n\t\t\t\t\t\t\t\t<img decoding=\"async\" src=\"https:\/\/informaticosantacoloma.com\/wp-content\/uploads\/2024\/12\/ico_samsung.png\" alt=\"\">\r\n\t\t\t\t\t\t\t<\/div>\r\n\t\t\t\t\t\t<\/div>\r\n\t\t\t\t\t\t\t\r\n\t\t\t\t\t\t<div class=\"swiper-slide\">\r\n\t\t\t\t\t\t\t<div class=\"brand-image\">\r\n\t\t\t\t\t\t\t\t<img decoding=\"async\" src=\"https:\/\/informaticosantacoloma.com\/wp-content\/uploads\/2024\/12\/ico_zte.png\" alt=\"\">\r\n\t\t\t\t\t\t\t<\/div>\r\n\t\t\t\t\t\t<\/div>\r\n\t\t\t\t\t\t\t\r\n\t\t\t\t\t\t<div class=\"swiper-slide\">\r\n\t\t\t\t\t\t\t<div class=\"brand-image\">\r\n\t\t\t\t\t\t\t\t<img decoding=\"async\" src=\"https:\/\/informaticosantacoloma.com\/wp-content\/uploads\/2024\/12\/ico_zte.png\" alt=\"\">\r\n\t\t\t\t\t\t\t<\/div>\r\n\t\t\t\t\t\t<\/div>\r\n\t\t\t\t\t\t\t\r\n\t\t\t\t\t\t<div class=\"swiper-slide\">\r\n\t\t\t\t\t\t\t<div class=\"brand-image\">\r\n\t\t\t\t\t\t\t\t<img decoding=\"async\" src=\"\" alt=\"\">\r\n\t\t\t\t\t\t\t<\/div>\r\n\t\t\t\t\t\t<\/div>\r\n\t\t\t\t\t\t\t\r\n\t\t\t\t\t\t<div class=\"swiper-slide\">\r\n\t\t\t\t\t\t\t<div class=\"brand-image\">\r\n\t\t\t\t\t\t\t\t<img decoding=\"async\" src=\"\" alt=\"\">\r\n\t\t\t\t\t\t\t<\/div>\r\n\t\t\t\t\t\t<\/div>\r\n\t\t\t\t\t\t\t\r\n\t\t\t\t\t\t<div class=\"swiper-slide\">\r\n\t\t\t\t\t\t\t<div class=\"brand-image\">\r\n\t\t\t\t\t\t\t\t<img decoding=\"async\" src=\"\" alt=\"\">\r\n\t\t\t\t\t\t\t<\/div>\r\n\t\t\t\t\t\t<\/div>\r\n\t\t\t\t\t\t\t\r\n\t\t\t\t\t\t<div class=\"swiper-slide\">\r\n\t\t\t\t\t\t\t<div class=\"brand-image\">\r\n\t\t\t\t\t\t\t\t<img decoding=\"async\" src=\"\" alt=\"\">\r\n\t\t\t\t\t\t\t<\/div>\r\n\t\t\t\t\t\t<\/div>\r\n\t\t\t\t\t\t\t\r\n\t\t\t\t\t\t<div class=\"swiper-slide\">\r\n\t\t\t\t\t\t\t<div class=\"brand-image\">\r\n\t\t\t\t\t\t\t\t<img decoding=\"async\" src=\"\" alt=\"\">\r\n\t\t\t\t\t\t\t<\/div>\r\n\t\t\t\t\t\t<\/div>\r\n\t\t\t\t\t\t\t\r\n\t\t\t\t\t\t<div class=\"swiper-slide\">\r\n\t\t\t\t\t\t\t<div class=\"brand-image\">\r\n\t\t\t\t\t\t\t\t<img decoding=\"async\" src=\"\" alt=\"\">\r\n\t\t\t\t\t\t\t<\/div>\r\n\t\t\t\t\t\t<\/div>\r\n\t\t\t\t\t\t\t\t\t\t\t<\/div>\r\n\t\t\t\t<\/div>\r\n\t\t\t<\/div>\r\n\t\t<\/div>\r\n\t<\/div>\r\n\r\n\t\r\n\r\n             \r\n\t\t\t\t<\/div>\n\t\t\t\t<\/div>\n\t\t\t\t\t<\/div>\n\t\t\t\t<\/div>\n\t\t\t\t<\/div>","protected":false},"excerpt":{"rendered":"<p>Reparaciones smartphones Arreglamos todo tipo de m\u00f3viles con eficiencia y confianza. Si tu dispositivo no carga, la pantalla est\u00e1 da\u00f1ada o tiene problemas de software o sufri\u00f3 un golpe, estamos aqu\u00ed para ayudarte. Cambio de pantalla Cambio de pantalla. Cambio t\u00e1ctil. Cambio botonera Cambio botonera o conector de carga Cambio Wifi Cambio Wifi o bluetooth<\/p>","protected":false},"author":1,"featured_media":0,"parent":1351,"menu_order":0,"comment_status":"closed","ping_status":"closed","template":"elementor_header_footer","meta":{"footnotes":""},"class_list":["post-2563","page","type-page","status-publish","hentry"],"yoast_head":"<!-- This site is optimized with the Yoast SEO plugin v26.0 - https:\/\/yoast.com\/wordpress\/plugins\/seo\/ -->\n<title>Reparaciones smartphones - Inform\u00e1tico Santa Coloma | Keashechokeastocao<\/title>\n<meta name=\"robots\" content=\"index, follow, max-snippet:-1, max-image-preview:large, max-video-preview:-1\" \/>\n<link rel=\"canonical\" href=\"https:\/\/informaticosantacoloma.com\/ca\/servicios\/reparacion-movil\/\" \/>\n<meta property=\"og:locale\" content=\"ca_ES\" \/>\n<meta property=\"og:type\" content=\"article\" \/>\n<meta property=\"og:title\" content=\"Reparaciones smartphones - Inform\u00e1tico Santa Coloma | Keashechokeastocao\" \/>\n<meta property=\"og:description\" content=\"Reparaciones smartphones Arreglamos todo tipo de m\u00f3viles con eficiencia y confianza. Si tu dispositivo no carga, la pantalla est\u00e1 da\u00f1ada o tiene problemas de software o sufri\u00f3 un golpe, estamos aqu\u00ed para ayudarte. Cambio de pantalla Cambio de pantalla. Cambio t\u00e1ctil. Cambio botonera Cambio botonera o conector de carga Cambio Wifi Cambio Wifi o bluetooth\" \/>\n<meta property=\"og:url\" content=\"https:\/\/informaticosantacoloma.com\/ca\/servicios\/reparacion-movil\/\" \/>\n<meta property=\"og:site_name\" content=\"Inform\u00e1tico Santa Coloma | Keashechokeastocao\" \/>\n<meta property=\"article:publisher\" content=\"https:\/\/www.facebook.com\/keashecho\" \/>\n<meta property=\"article:modified_time\" content=\"2024-12-10T12:57:04+00:00\" \/>\n<meta property=\"og:image\" content=\"https:\/\/informaticosantacoloma.com\/wp-content\/uploads\/2024\/12\/Apple_logo_black.png\" \/>\n<meta name=\"twitter:card\" content=\"summary_large_image\" \/>\n<script type=\"application\/ld+json\" class=\"yoast-schema-graph\">{\"@context\":\"https:\/\/schema.org\",\"@graph\":[{\"@type\":\"WebPage\",\"@id\":\"https:\/\/informaticosantacoloma.com\/servicios\/reparacion-movil\/\",\"url\":\"https:\/\/informaticosantacoloma.com\/servicios\/reparacion-movil\/\",\"name\":\"Reparaciones smartphones - Inform\u00e1tico Santa Coloma | Keashechokeastocao\",\"isPartOf\":{\"@id\":\"https:\/\/informaticosantacoloma.com\/#website\"},\"primaryImageOfPage\":{\"@id\":\"https:\/\/informaticosantacoloma.com\/servicios\/reparacion-movil\/#primaryimage\"},\"image\":{\"@id\":\"https:\/\/informaticosantacoloma.com\/servicios\/reparacion-movil\/#primaryimage\"},\"thumbnailUrl\":\"https:\/\/informaticosantacoloma.com\/wp-content\/uploads\/2024\/12\/Apple_logo_black.png\",\"datePublished\":\"2024-12-10T09:46:44+00:00\",\"dateModified\":\"2024-12-10T12:57:04+00:00\",\"breadcrumb\":{\"@id\":\"https:\/\/informaticosantacoloma.com\/servicios\/reparacion-movil\/#breadcrumb\"},\"inLanguage\":\"ca\",\"potentialAction\":[{\"@type\":\"ReadAction\",\"target\":[\"https:\/\/informaticosantacoloma.com\/servicios\/reparacion-movil\/\"]}]},{\"@type\":\"ImageObject\",\"inLanguage\":\"ca\",\"@id\":\"https:\/\/informaticosantacoloma.com\/servicios\/reparacion-movil\/#primaryimage\",\"url\":\"https:\/\/informaticosantacoloma.com\/wp-content\/uploads\/2024\/12\/Apple_logo_black.png\",\"contentUrl\":\"https:\/\/informaticosantacoloma.com\/wp-content\/uploads\/2024\/12\/Apple_logo_black.png\"},{\"@type\":\"BreadcrumbList\",\"@id\":\"https:\/\/informaticosantacoloma.com\/servicios\/reparacion-movil\/#breadcrumb\",\"itemListElement\":[{\"@type\":\"ListItem\",\"position\":1,\"name\":\"Portada\",\"item\":\"https:\/\/informaticosantacoloma.com\/\"},{\"@type\":\"ListItem\",\"position\":2,\"name\":\"Servicios\",\"item\":\"https:\/\/informaticosantacoloma.com\/servicios\/\"},{\"@type\":\"ListItem\",\"position\":3,\"name\":\"Reparaciones smartphones\"}]},{\"@type\":\"WebSite\",\"@id\":\"https:\/\/informaticosantacoloma.com\/#website\",\"url\":\"https:\/\/informaticosantacoloma.com\/\",\"name\":\"Inform\u00e1tico Santa Coloma | Keashechokeastocao\",\"description\":\"Tienda de reparaciones Santa Coloma | Inform\u00e1tico Santa Coloma | Reparaciones ordenadores Santa Coloma\",\"publisher\":{\"@id\":\"https:\/\/informaticosantacoloma.com\/#organization\"},\"potentialAction\":[{\"@type\":\"SearchAction\",\"target\":{\"@type\":\"EntryPoint\",\"urlTemplate\":\"https:\/\/informaticosantacoloma.com\/?s={search_term_string}\"},\"query-input\":{\"@type\":\"PropertyValueSpecification\",\"valueRequired\":true,\"valueName\":\"search_term_string\"}}],\"inLanguage\":\"ca\"},{\"@type\":\"Organization\",\"@id\":\"https:\/\/informaticosantacoloma.com\/#organization\",\"name\":\"Inform\u00e1tico Santa Coloma | Keashechokeastocao\",\"url\":\"https:\/\/informaticosantacoloma.com\/\",\"logo\":{\"@type\":\"ImageObject\",\"inLanguage\":\"ca\",\"@id\":\"https:\/\/informaticosantacoloma.com\/#\/schema\/logo\/image\/\",\"url\":\"https:\/\/informaticosantacoloma.com\/wp-content\/uploads\/2024\/08\/logocorrecto-copia.png\",\"contentUrl\":\"https:\/\/informaticosantacoloma.com\/wp-content\/uploads\/2024\/08\/logocorrecto-copia.png\",\"width\":250,\"height\":92,\"caption\":\"Inform\u00e1tico Santa Coloma | Keashechokeastocao\"},\"image\":{\"@id\":\"https:\/\/informaticosantacoloma.com\/#\/schema\/logo\/image\/\"},\"sameAs\":[\"https:\/\/www.facebook.com\/keashecho\"]}]}<\/script>\n<!-- \/ Yoast SEO plugin. -->","yoast_head_json":{"title":"Reparaciones smartphones - Inform\u00e1tico Santa Coloma | Keashechokeastocao","robots":{"index":"index","follow":"follow","max-snippet":"max-snippet:-1","max-image-preview":"max-image-preview:large","max-video-preview":"max-video-preview:-1"},"canonical":"https:\/\/informaticosantacoloma.com\/ca\/servicios\/reparacion-movil\/","og_locale":"ca_ES","og_type":"article","og_title":"Reparaciones smartphones - Inform\u00e1tico Santa Coloma | Keashechokeastocao","og_description":"Reparaciones smartphones Arreglamos todo tipo de m\u00f3viles con eficiencia y confianza. Si tu dispositivo no carga, la pantalla est\u00e1 da\u00f1ada o tiene problemas de software o sufri\u00f3 un golpe, estamos aqu\u00ed para ayudarte. Cambio de pantalla Cambio de pantalla. Cambio t\u00e1ctil. Cambio botonera Cambio botonera o conector de carga Cambio Wifi Cambio Wifi o bluetooth","og_url":"https:\/\/informaticosantacoloma.com\/ca\/servicios\/reparacion-movil\/","og_site_name":"Inform\u00e1tico Santa Coloma | Keashechokeastocao","article_publisher":"https:\/\/www.facebook.com\/keashecho","article_modified_time":"2024-12-10T12:57:04+00:00","og_image":[{"url":"https:\/\/informaticosantacoloma.com\/wp-content\/uploads\/2024\/12\/Apple_logo_black.png","type":"","width":"","height":""}],"twitter_card":"summary_large_image","schema":{"@context":"https:\/\/schema.org","@graph":[{"@type":"WebPage","@id":"https:\/\/informaticosantacoloma.com\/servicios\/reparacion-movil\/","url":"https:\/\/informaticosantacoloma.com\/servicios\/reparacion-movil\/","name":"Reparaciones smartphones - Inform\u00e1tico Santa Coloma | Keashechokeastocao","isPartOf":{"@id":"https:\/\/informaticosantacoloma.com\/#website"},"primaryImageOfPage":{"@id":"https:\/\/informaticosantacoloma.com\/servicios\/reparacion-movil\/#primaryimage"},"image":{"@id":"https:\/\/informaticosantacoloma.com\/servicios\/reparacion-movil\/#primaryimage"},"thumbnailUrl":"https:\/\/informaticosantacoloma.com\/wp-content\/uploads\/2024\/12\/Apple_logo_black.png","datePublished":"2024-12-10T09:46:44+00:00","dateModified":"2024-12-10T12:57:04+00:00","breadcrumb":{"@id":"https:\/\/informaticosantacoloma.com\/servicios\/reparacion-movil\/#breadcrumb"},"inLanguage":"ca","potentialAction":[{"@type":"ReadAction","target":["https:\/\/informaticosantacoloma.com\/servicios\/reparacion-movil\/"]}]},{"@type":"ImageObject","inLanguage":"ca","@id":"https:\/\/informaticosantacoloma.com\/servicios\/reparacion-movil\/#primaryimage","url":"https:\/\/informaticosantacoloma.com\/wp-content\/uploads\/2024\/12\/Apple_logo_black.png","contentUrl":"https:\/\/informaticosantacoloma.com\/wp-content\/uploads\/2024\/12\/Apple_logo_black.png"},{"@type":"BreadcrumbList","@id":"https:\/\/informaticosantacoloma.com\/servicios\/reparacion-movil\/#breadcrumb","itemListElement":[{"@type":"ListItem","position":1,"name":"Portada","item":"https:\/\/informaticosantacoloma.com\/"},{"@type":"ListItem","position":2,"name":"Servicios","item":"https:\/\/informaticosantacoloma.com\/servicios\/"},{"@type":"ListItem","position":3,"name":"Reparaciones smartphones"}]},{"@type":"WebSite","@id":"https:\/\/informaticosantacoloma.com\/#website","url":"https:\/\/informaticosantacoloma.com\/","name":"Inform\u00e1tico Santa Coloma | Keashechokeastocao","description":"Tienda de reparaciones Santa Coloma | Inform\u00e1tico Santa Coloma | Reparaciones ordenadores Santa Coloma","publisher":{"@id":"https:\/\/informaticosantacoloma.com\/#organization"},"potentialAction":[{"@type":"SearchAction","target":{"@type":"EntryPoint","urlTemplate":"https:\/\/informaticosantacoloma.com\/?s={search_term_string}"},"query-input":{"@type":"PropertyValueSpecification","valueRequired":true,"valueName":"search_term_string"}}],"inLanguage":"ca"},{"@type":"Organization","@id":"https:\/\/informaticosantacoloma.com\/#organization","name":"Inform\u00e1tico Santa Coloma | Keashechokeastocao","url":"https:\/\/informaticosantacoloma.com\/","logo":{"@type":"ImageObject","inLanguage":"ca","@id":"https:\/\/informaticosantacoloma.com\/#\/schema\/logo\/image\/","url":"https:\/\/informaticosantacoloma.com\/wp-content\/uploads\/2024\/08\/logocorrecto-copia.png","contentUrl":"https:\/\/informaticosantacoloma.com\/wp-content\/uploads\/2024\/08\/logocorrecto-copia.png","width":250,"height":92,"caption":"Inform\u00e1tico Santa Coloma | Keashechokeastocao"},"image":{"@id":"https:\/\/informaticosantacoloma.com\/#\/schema\/logo\/image\/"},"sameAs":["https:\/\/www.facebook.com\/keashecho"]}]}},"_links":{"self":[{"href":"https:\/\/informaticosantacoloma.com\/ca\/wp-json\/wp\/v2\/pages\/2563","targetHints":{"allow":["GET"]}}],"collection":[{"href":"https:\/\/informaticosantacoloma.com\/ca\/wp-json\/wp\/v2\/pages"}],"about":[{"href":"https:\/\/informaticosantacoloma.com\/ca\/wp-json\/wp\/v2\/types\/page"}],"author":[{"embeddable":true,"href":"https:\/\/informaticosantacoloma.com\/ca\/wp-json\/wp\/v2\/users\/1"}],"replies":[{"embeddable":true,"href":"https:\/\/informaticosantacoloma.com\/ca\/wp-json\/wp\/v2\/comments?post=2563"}],"version-history":[{"count":13,"href":"https:\/\/informaticosantacoloma.com\/ca\/wp-json\/wp\/v2\/pages\/2563\/revisions"}],"predecessor-version":[{"id":2589,"href":"https:\/\/informaticosantacoloma.com\/ca\/wp-json\/wp\/v2\/pages\/2563\/revisions\/2589"}],"up":[{"embeddable":true,"href":"https:\/\/informaticosantacoloma.com\/ca\/wp-json\/wp\/v2\/pages\/1351"}],"wp:attachment":[{"href":"https:\/\/informaticosantacoloma.com\/ca\/wp-json\/wp\/v2\/media?parent=2563"}],"curies":[{"name":"wp","href":"https:\/\/api.w.org\/{rel}","templated":true}]}}