{"id":2602,"date":"2024-12-10T12:47:43","date_gmt":"2024-12-10T12:47:43","guid":{"rendered":"https:\/\/informaticosantacoloma.com\/?page_id=2602"},"modified":"2024-12-10T12:47:43","modified_gmt":"2024-12-10T12:47:43","slug":"avisolegal","status":"publish","type":"page","link":"https:\/\/informaticosantacoloma.com\/ca\/avisolegal\/","title":{"rendered":"Aviso Legal"},"content":{"rendered":"<p>Javier Fajardo Romero, provisto con NIF\/CIF 52397310K, direcci\u00f3n Avda Generalitat 80, no puede asumir ninguna responsabilidad derivada del uso incorrecto, inapropiado o il\u00edcito de la informaci\u00f3n aparecida en la p\u00e1gina de Internet de <a href=\"https:\/\/informaticosantacoloma.com\/ca\/\" target=\"_new\" rel=\"noopener\">www.informaticosantacoloma.com<\/a>.<\/p>\n<p>Con los l\u00edmites establecidos en la ley, informaticosantacoloma.com no asume ninguna responsabilidad derivada de la falta de veracidad, integridad, actualizaci\u00f3n y precisi\u00f3n de los datos o informaciones que se contienen en sus p\u00e1ginas de Internet.<\/p>\n<p>Los contenidos e informaci\u00f3n no vinculan a informaticosantacoloma.com ni constituyen opiniones, consejos o asesoramiento legal de ning\u00fan tipo, pues se trata meramente de un servicio ofrecido con car\u00e1cter informativo y divulgativo. La p\u00e1gina de Internet de informaticosantacoloma.com puede contener enlaces (links) a otras p\u00e1ginas de terceras partes que informaticosantacoloma.com no puede controlar. Por lo tanto, informaticosantacoloma.com no puede asumir responsabilidades por el contenido que pueda aparecer en p\u00e1ginas de terceros.<\/p>\n<p>Los textos, im\u00e1genes, sonidos, animaciones, software y el resto de contenidos incluidos en este website son propiedad exclusiva de informaticosantacoloma.com o sus licenciantes. Cualquier acto de transmisi\u00f3n, distribuci\u00f3n, cesi\u00f3n, reproducci\u00f3n, almacenamiento o comunicaci\u00f3n p\u00fablica total o parcial, debe contar con el consentimiento expreso de informaticosantacoloma.com. Asimismo, para acceder a algunos de los servicios que informaticosantacoloma.com ofrece a trav\u00e9s del website deber\u00e1 proporcionar algunos datos de car\u00e1cter personal.<\/p>\n<p>En cumplimiento de lo establecido en el Reglamento (UE) 2016\/679 del Parlamento Europeo y del Consejo, de 27 de abril de 2016, relativo a la protecci\u00f3n de las personas f\u00edsicas en lo que respecta al tratamiento de datos personales y a la libre circulaci\u00f3n de estos datos, le informamos que, mediante la cumplimentaci\u00f3n de los presentes formularios, sus datos personales quedar\u00e1n incorporados y ser\u00e1n tratados en los ficheros de informaticosantacoloma.com con el fin de poderle prestar y ofrecer nuestros servicios as\u00ed como para informarle de las mejoras del sitio Web.<\/p>\n<p>Asimismo, le informamos de la posibilidad de que ejerza los derechos de acceso, rectificaci\u00f3n, cancelaci\u00f3n y oposici\u00f3n de sus datos de car\u00e1cter personal, de manera gratuita mediante email a <a rel=\"noopener\">info@informaticosantacoloma.com<\/a> o en la direcci\u00f3n Avda Generalitat 80 Local.<\/p>","protected":false},"excerpt":{"rendered":"<p>Javier Fajardo Romero, provisto con NIF\/CIF 52397310K, direcci\u00f3n Avda Generalitat 80, no puede asumir ninguna responsabilidad derivada del uso incorrecto, inapropiado o il\u00edcito de la informaci\u00f3n aparecida en la p\u00e1gina de Internet de www.informaticosantacoloma.com. Con los l\u00edmites establecidos en la ley, informaticosantacoloma.com no asume ninguna responsabilidad derivada de la falta de veracidad, integridad, actualizaci\u00f3n y<\/p>","protected":false},"author":1,"featured_media":0,"parent":0,"menu_order":0,"comment_status":"closed","ping_status":"closed","template":"","meta":{"footnotes":""},"class_list":["post-2602","page","type-page","status-publish","hentry"],"yoast_head":"<!-- This site is optimized with the Yoast SEO plugin v26.0 - https:\/\/yoast.com\/wordpress\/plugins\/seo\/ -->\n<title>Aviso Legal - Inform\u00e1tico Santa Coloma | Keashechokeastocao<\/title>\n<meta name=\"robots\" content=\"index, follow, max-snippet:-1, max-image-preview:large, max-video-preview:-1\" \/>\n<link rel=\"canonical\" href=\"https:\/\/informaticosantacoloma.com\/ca\/avisolegal\/\" \/>\n<meta property=\"og:locale\" content=\"ca_ES\" \/>\n<meta property=\"og:type\" content=\"article\" \/>\n<meta property=\"og:title\" content=\"Aviso Legal - Inform\u00e1tico Santa Coloma | Keashechokeastocao\" \/>\n<meta property=\"og:description\" content=\"Javier Fajardo Romero, provisto con NIF\/CIF 52397310K, direcci\u00f3n Avda Generalitat 80, no puede asumir ninguna responsabilidad derivada del uso incorrecto, inapropiado o il\u00edcito de la informaci\u00f3n aparecida en la p\u00e1gina de Internet de www.informaticosantacoloma.com. Con los l\u00edmites establecidos en la ley, informaticosantacoloma.com no asume ninguna responsabilidad derivada de la falta de veracidad, integridad, actualizaci\u00f3n y\" \/>\n<meta property=\"og:url\" content=\"https:\/\/informaticosantacoloma.com\/ca\/avisolegal\/\" \/>\n<meta property=\"og:site_name\" content=\"Inform\u00e1tico Santa Coloma | Keashechokeastocao\" \/>\n<meta property=\"article:publisher\" content=\"https:\/\/www.facebook.com\/keashecho\" \/>\n<meta name=\"twitter:card\" content=\"summary_large_image\" \/>\n<meta name=\"twitter:label1\" content=\"Temps estimat de lectura\" \/>\n\t<meta name=\"twitter:data1\" content=\"2 minuts\" \/>\n<script type=\"application\/ld+json\" class=\"yoast-schema-graph\">{\"@context\":\"https:\/\/schema.org\",\"@graph\":[{\"@type\":\"WebPage\",\"@id\":\"https:\/\/informaticosantacoloma.com\/avisolegal\/\",\"url\":\"https:\/\/informaticosantacoloma.com\/avisolegal\/\",\"name\":\"Aviso Legal - Inform\u00e1tico Santa Coloma | Keashechokeastocao\",\"isPartOf\":{\"@id\":\"https:\/\/informaticosantacoloma.com\/#website\"},\"datePublished\":\"2024-12-10T12:47:43+00:00\",\"breadcrumb\":{\"@id\":\"https:\/\/informaticosantacoloma.com\/avisolegal\/#breadcrumb\"},\"inLanguage\":\"ca\",\"potentialAction\":[{\"@type\":\"ReadAction\",\"target\":[\"https:\/\/informaticosantacoloma.com\/avisolegal\/\"]}]},{\"@type\":\"BreadcrumbList\",\"@id\":\"https:\/\/informaticosantacoloma.com\/avisolegal\/#breadcrumb\",\"itemListElement\":[{\"@type\":\"ListItem\",\"position\":1,\"name\":\"Portada\",\"item\":\"https:\/\/informaticosantacoloma.com\/\"},{\"@type\":\"ListItem\",\"position\":2,\"name\":\"Aviso Legal\"}]},{\"@type\":\"WebSite\",\"@id\":\"https:\/\/informaticosantacoloma.com\/#website\",\"url\":\"https:\/\/informaticosantacoloma.com\/\",\"name\":\"Inform\u00e1tico Santa Coloma | Keashechokeastocao\",\"description\":\"Tienda de reparaciones Santa Coloma | Inform\u00e1tico Santa Coloma | Reparaciones ordenadores Santa Coloma\",\"publisher\":{\"@id\":\"https:\/\/informaticosantacoloma.com\/#organization\"},\"potentialAction\":[{\"@type\":\"SearchAction\",\"target\":{\"@type\":\"EntryPoint\",\"urlTemplate\":\"https:\/\/informaticosantacoloma.com\/?s={search_term_string}\"},\"query-input\":{\"@type\":\"PropertyValueSpecification\",\"valueRequired\":true,\"valueName\":\"search_term_string\"}}],\"inLanguage\":\"ca\"},{\"@type\":\"Organization\",\"@id\":\"https:\/\/informaticosantacoloma.com\/#organization\",\"name\":\"Inform\u00e1tico Santa Coloma | Keashechokeastocao\",\"url\":\"https:\/\/informaticosantacoloma.com\/\",\"logo\":{\"@type\":\"ImageObject\",\"inLanguage\":\"ca\",\"@id\":\"https:\/\/informaticosantacoloma.com\/#\/schema\/logo\/image\/\",\"url\":\"https:\/\/informaticosantacoloma.com\/wp-content\/uploads\/2024\/08\/logocorrecto-copia.png\",\"contentUrl\":\"https:\/\/informaticosantacoloma.com\/wp-content\/uploads\/2024\/08\/logocorrecto-copia.png\",\"width\":250,\"height\":92,\"caption\":\"Inform\u00e1tico Santa Coloma | Keashechokeastocao\"},\"image\":{\"@id\":\"https:\/\/informaticosantacoloma.com\/#\/schema\/logo\/image\/\"},\"sameAs\":[\"https:\/\/www.facebook.com\/keashecho\"]}]}<\/script>\n<!-- \/ Yoast SEO plugin. -->","yoast_head_json":{"title":"Aviso Legal - Inform\u00e1tico Santa Coloma | Keashechokeastocao","robots":{"index":"index","follow":"follow","max-snippet":"max-snippet:-1","max-image-preview":"max-image-preview:large","max-video-preview":"max-video-preview:-1"},"canonical":"https:\/\/informaticosantacoloma.com\/ca\/avisolegal\/","og_locale":"ca_ES","og_type":"article","og_title":"Aviso Legal - Inform\u00e1tico Santa Coloma | Keashechokeastocao","og_description":"Javier Fajardo Romero, provisto con NIF\/CIF 52397310K, direcci\u00f3n Avda Generalitat 80, no puede asumir ninguna responsabilidad derivada del uso incorrecto, inapropiado o il\u00edcito de la informaci\u00f3n aparecida en la p\u00e1gina de Internet de www.informaticosantacoloma.com. Con los l\u00edmites establecidos en la ley, informaticosantacoloma.com no asume ninguna responsabilidad derivada de la falta de veracidad, integridad, actualizaci\u00f3n y","og_url":"https:\/\/informaticosantacoloma.com\/ca\/avisolegal\/","og_site_name":"Inform\u00e1tico Santa Coloma | Keashechokeastocao","article_publisher":"https:\/\/www.facebook.com\/keashecho","twitter_card":"summary_large_image","twitter_misc":{"Temps estimat de lectura":"2 minuts"},"schema":{"@context":"https:\/\/schema.org","@graph":[{"@type":"WebPage","@id":"https:\/\/informaticosantacoloma.com\/avisolegal\/","url":"https:\/\/informaticosantacoloma.com\/avisolegal\/","name":"Aviso Legal - Inform\u00e1tico Santa Coloma | Keashechokeastocao","isPartOf":{"@id":"https:\/\/informaticosantacoloma.com\/#website"},"datePublished":"2024-12-10T12:47:43+00:00","breadcrumb":{"@id":"https:\/\/informaticosantacoloma.com\/avisolegal\/#breadcrumb"},"inLanguage":"ca","potentialAction":[{"@type":"ReadAction","target":["https:\/\/informaticosantacoloma.com\/avisolegal\/"]}]},{"@type":"BreadcrumbList","@id":"https:\/\/informaticosantacoloma.com\/avisolegal\/#breadcrumb","itemListElement":[{"@type":"ListItem","position":1,"name":"Portada","item":"https:\/\/informaticosantacoloma.com\/"},{"@type":"ListItem","position":2,"name":"Aviso Legal"}]},{"@type":"WebSite","@id":"https:\/\/informaticosantacoloma.com\/#website","url":"https:\/\/informaticosantacoloma.com\/","name":"Inform\u00e1tico Santa Coloma | Keashechokeastocao","description":"Tienda de reparaciones Santa Coloma | Inform\u00e1tico Santa Coloma | Reparaciones ordenadores Santa Coloma","publisher":{"@id":"https:\/\/informaticosantacoloma.com\/#organization"},"potentialAction":[{"@type":"SearchAction","target":{"@type":"EntryPoint","urlTemplate":"https:\/\/informaticosantacoloma.com\/?s={search_term_string}"},"query-input":{"@type":"PropertyValueSpecification","valueRequired":true,"valueName":"search_term_string"}}],"inLanguage":"ca"},{"@type":"Organization","@id":"https:\/\/informaticosantacoloma.com\/#organization","name":"Inform\u00e1tico Santa Coloma | Keashechokeastocao","url":"https:\/\/informaticosantacoloma.com\/","logo":{"@type":"ImageObject","inLanguage":"ca","@id":"https:\/\/informaticosantacoloma.com\/#\/schema\/logo\/image\/","url":"https:\/\/informaticosantacoloma.com\/wp-content\/uploads\/2024\/08\/logocorrecto-copia.png","contentUrl":"https:\/\/informaticosantacoloma.com\/wp-content\/uploads\/2024\/08\/logocorrecto-copia.png","width":250,"height":92,"caption":"Inform\u00e1tico Santa Coloma | Keashechokeastocao"},"image":{"@id":"https:\/\/informaticosantacoloma.com\/#\/schema\/logo\/image\/"},"sameAs":["https:\/\/www.facebook.com\/keashecho"]}]}},"_links":{"self":[{"href":"https:\/\/informaticosantacoloma.com\/ca\/wp-json\/wp\/v2\/pages\/2602","targetHints":{"allow":["GET"]}}],"collection":[{"href":"https:\/\/informaticosantacoloma.com\/ca\/wp-json\/wp\/v2\/pages"}],"about":[{"href":"https:\/\/informaticosantacoloma.com\/ca\/wp-json\/wp\/v2\/types\/page"}],"author":[{"embeddable":true,"href":"https:\/\/informaticosantacoloma.com\/ca\/wp-json\/wp\/v2\/users\/1"}],"replies":[{"embeddable":true,"href":"https:\/\/informaticosantacoloma.com\/ca\/wp-json\/wp\/v2\/comments?post=2602"}],"version-history":[{"count":1,"href":"https:\/\/informaticosantacoloma.com\/ca\/wp-json\/wp\/v2\/pages\/2602\/revisions"}],"predecessor-version":[{"id":2603,"href":"https:\/\/informaticosantacoloma.com\/ca\/wp-json\/wp\/v2\/pages\/2602\/revisions\/2603"}],"wp:attachment":[{"href":"https:\/\/informaticosantacoloma.com\/ca\/wp-json\/wp\/v2\/media?parent=2602"}],"curies":[{"name":"wp","href":"https:\/\/api.w.org\/{rel}","templated":true}]}}